{"id":423,"date":"2020-12-04T15:36:25","date_gmt":"2020-12-04T18:36:25","guid":{"rendered":"http:\/\/www.skisur.com\/nueva\/el-lugar\/"},"modified":"2020-12-09T15:20:48","modified_gmt":"2020-12-09T18:20:48","slug":"el-lugar","status":"publish","type":"page","link":"https:\/\/www.skisur.com\/pt-br\/el-lugar\/","title":{"rendered":"O lugar"},"content":{"rendered":"<p>[vc_row type=&#8221;vc_default&#8221; gap=&#8221;30&#8243;][vc_column width=&#8221;1\/2&#8243;]<style type=\"text\/css\" data-type=\"the7_shortcodes-inline-css\">.gallery-carousel-shortcode.gallery-carousel-shortcode-id-39b6738970f820fe09ebca17530441e3 .owl-nav a {\n  width: 36px;\n  height: 36px;\n  border-radius: 500px;\n}\n.dt-arrow-border-on.gallery-carousel-shortcode.gallery-carousel-shortcode-id-39b6738970f820fe09ebca17530441e3 .owl-nav a:not(:hover):before {\n  border-width: 0px;\n}\n.dt-arrow-hover-border-on.gallery-carousel-shortcode.gallery-carousel-shortcode-id-39b6738970f820fe09ebca17530441e3 .owl-nav a:hover:after {\n  border-width: 0px;\n}\n.gallery-carousel-shortcode.gallery-carousel-shortcode-id-39b6738970f820fe09ebca17530441e3 .owl-nav a.owl-prev {\n  top: 50%;\n  transform: translateY(calc(-50% + 0px));\n  left: 0px;\n}\n@media all and (-ms-high-contrast: none) {\n  .gallery-carousel-shortcode.gallery-carousel-shortcode-id-39b6738970f820fe09ebca17530441e3 .owl-nav a.owl-prev {\n    transform: translateY(-50%);\n    margin-top: 0px;\n  }\n}\n.gallery-carousel-shortcode.gallery-carousel-shortcode-id-39b6738970f820fe09ebca17530441e3 .owl-nav a.owl-prev i {\n  padding: 0px 0px 0px 0px;\n}\n.gallery-carousel-shortcode.gallery-carousel-shortcode-id-39b6738970f820fe09ebca17530441e3 .owl-nav a.owl-next {\n  top: 50%;\n  transform: translateY(calc(-50% + 0px));\n  right: 0px;\n}\n@media all and (-ms-high-contrast: none) {\n  .gallery-carousel-shortcode.gallery-carousel-shortcode-id-39b6738970f820fe09ebca17530441e3 .owl-nav a.owl-next {\n    transform: translateY(-50%);\n    margin-top: 0px;\n  }\n}\n.gallery-carousel-shortcode.gallery-carousel-shortcode-id-39b6738970f820fe09ebca17530441e3 .owl-nav a.owl-next i {\n  padding: 0px 0px 0px 0px;\n}\n.gallery-carousel-shortcode.gallery-carousel-shortcode-id-39b6738970f820fe09ebca17530441e3 .owl-nav i {\n  font-size: 40px;\n}\n.gallery-carousel-shortcode.gallery-carousel-shortcode-id-39b6738970f820fe09ebca17530441e3 .owl-nav a:not(:hover) i,\n.gallery-carousel-shortcode.gallery-carousel-shortcode-id-39b6738970f820fe09ebca17530441e3 .owl-nav a:not(:hover) i:before {\n  color: #ffffff;\n  background: none;\n}\n.gallery-carousel-shortcode.gallery-carousel-shortcode-id-39b6738970f820fe09ebca17530441e3 .owl-nav a:hover i,\n.gallery-carousel-shortcode.gallery-carousel-shortcode-id-39b6738970f820fe09ebca17530441e3 .owl-nav a:hover i:before {\n  color: rgba(255,255,255,0.75);\n  background: none;\n}\n.gallery-carousel-shortcode.gallery-carousel-shortcode-id-39b6738970f820fe09ebca17530441e3 .owl-dots {\n  top: calc(100% + 20px);\n  left: 50%;\n  transform: translateX(calc(-50% + 0px));\n}\n@media all and (-ms-high-contrast: none) {\n  .gallery-carousel-shortcode.gallery-carousel-shortcode-id-39b6738970f820fe09ebca17530441e3 .owl-dots {\n    transform: translateX(-50%);\n    margin-left: 0px;\n  }\n}\n.gallery-carousel-shortcode.gallery-carousel-shortcode-id-39b6738970f820fe09ebca17530441e3 .owl-dot {\n  width: 10px;\n  height: 10px;\n  margin: 0 8px;\n}\n@media screen and (max-width: 778px) {\n  .gallery-carousel-shortcode.gallery-carousel-shortcode-id-39b6738970f820fe09ebca17530441e3.hide-arrows .owl-nav a {\n    display: none;\n  }\n}\n@media screen and (max-width: 778px) {\n  .gallery-carousel-shortcode.gallery-carousel-shortcode-id-39b6738970f820fe09ebca17530441e3.reposition-arrows .owl-nav .owl-prev {\n    top: 50%;\n    transform: translateY(calc(-50% + 0px));\n    left: 10px;\n  }\n  .gallery-carousel-shortcode.gallery-carousel-shortcode-id-39b6738970f820fe09ebca17530441e3.reposition-arrows .owl-nav .owl-next {\n    top: 50%;\n    transform: translateY(calc(-50% + 0px));\n    right: 10px;\n  }\n}\n@media screen and (max-width: 778px) and all and (-ms-high-contrast: none) {\n  .gallery-carousel-shortcode.gallery-carousel-shortcode-id-39b6738970f820fe09ebca17530441e3.reposition-arrows .owl-nav .owl-prev {\n    transform: translateY(-50%);\n    margin-top: 0px;\n  }\n}\n@media screen and (max-width: 778px) and all and (-ms-high-contrast: none) {\n  .gallery-carousel-shortcode.gallery-carousel-shortcode-id-39b6738970f820fe09ebca17530441e3.reposition-arrows .owl-nav .owl-next {\n    transform: translateY(-50%);\n    margin-top: 0px;\n  }\n}\n.gallery-carousel-shortcode.gallery-carousel-shortcode-id-39b6738970f820fe09ebca17530441e3 figure,\n.gallery-carousel-shortcode.gallery-carousel-shortcode-id-39b6738970f820fe09ebca17530441e3 .rollover,\n.gallery-carousel-shortcode.gallery-carousel-shortcode-id-39b6738970f820fe09ebca17530441e3 img,\n.gallery-carousel-shortcode.gallery-carousel-shortcode-id-39b6738970f820fe09ebca17530441e3 .gallery-rollover {\n  border-radius: 0px;\n}\n.gallery-carousel-shortcode.gallery-carousel-shortcode-id-39b6738970f820fe09ebca17530441e3.enable-bg-rollover .gallery-rollover {\n  background: -webkit-linear-gradient();\n  background: linear-gradient();\n}\n.gallery-carousel-shortcode.gallery-carousel-shortcode-id-39b6738970f820fe09ebca17530441e3.enable-img-shadow .owl-stage-outer {\n  padding: 4px 0;\n}\n.gallery-carousel-shortcode.gallery-carousel-shortcode-id-39b6738970f820fe09ebca17530441e3.enable-bg-rollover.hover-scale figure .rollover:after {\n  background: -webkit-linear-gradient();\n  background: linear-gradient();\n}\n.gallery-carousel-shortcode.gallery-carousel-shortcode-id-39b6738970f820fe09ebca17530441e3.gallery-shortcode .gallery-zoom-ico {\n  width: 44px;\n  height: 44px;\n  line-height: 44px;\n  border-radius: 100px;\n  margin: -22px 0 0 -22px;\n  border-width: 0px;\n}\n.dt-icon-bg-on.gallery-carousel-shortcode.gallery-carousel-shortcode-id-39b6738970f820fe09ebca17530441e3.gallery-shortcode .gallery-zoom-ico {\n  background: rgba(255,255,255,0.3);\n  box-shadow: none;\n}\n.gallery-carousel-shortcode.gallery-carousel-shortcode-id-39b6738970f820fe09ebca17530441e3.gallery-shortcode .gallery-zoom-ico:before,\n.gallery-carousel-shortcode.gallery-carousel-shortcode-id-39b6738970f820fe09ebca17530441e3.gallery-shortcode .gallery-zoom-ico span {\n  font-size: 32px;\n  line-height: 44px;\n  color: #ffffff;\n  background: none;\n}\n<\/style><div class=\"owl-carousel gallery-carousel-shortcode gallery-shortcode  dt-gallery-container dt-owl-carousel-call gallery-carousel-shortcode-id-39b6738970f820fe09ebca17530441e3 meta-info-off dt-arrow-border-on bullets-small-dot-stroke reposition-arrows dt-icon-bg-off arrows-bg-off disable-arrows-hover-bg arrows-hover-bg-off  hover-fade \" data-scroll-mode=\"1\" data-col-num=\"1\" data-wide-col-num=\"1\" data-laptop-col=\"1\" data-h-tablet-columns-num=\"1\" data-v-tablet-columns-num=\"1\" data-phone-columns-num=\"1\" data-col-gap=\"0\" data-stage-padding=\"-10\" data-speed=\"600\" data-autoplay=\"true\" data-autoplay_speed=\"6000\" data-arrows=\"true\" data-bullet=\"false\" data-next-icon=\"icon-ar-023-r\" data-prev-icon=\"icon-ar-023-l\" data-img-shadow-size=\"12px\" data-img-shadow-spread=\"3px\"><div data-post-id=\"382\" data-date=\"2020-12-07T15:20:45-03:00\" data-name=\"\"><figure class=\"post\"><a href=\"https:\/\/www.skisur.com\/nueva\/wp-content\/uploads\/2020\/12\/ellugar1.jpg\" class=\"rollover dt-pswp-item layzr-bg\" data-large_image_width=\"800\" data-large_image_height=\"600\" data-dt-img-description=\"\" ><img class=\"preload-me owl-lazy-load\" src=\"data:image\/svg+xml,%3Csvg%20xmlns%3D&#39;http%3A%2F%2Fwww.w3.org%2F2000%2Fsvg&#39;%20viewBox%3D&#39;0%200%20800%20600&#39;%2F%3E\" data-src=\"https:\/\/www.skisur.com\/nueva\/wp-content\/uploads\/2020\/12\/ellugar1.jpg\" data-srcset=\"https:\/\/www.skisur.com\/nueva\/wp-content\/uploads\/2020\/12\/ellugar1.jpg 800w\" alt=\"\" width=\"800\" height=\"600\"  \/><span class=\"gallery-rollover\"><\/span><\/a><\/figure><\/div><div data-post-id=\"384\" data-date=\"2020-12-07T15:20:49-03:00\" data-name=\"\"><figure class=\"post\"><a href=\"https:\/\/www.skisur.com\/nueva\/wp-content\/uploads\/2020\/12\/ellugar2.jpg\" class=\"rollover dt-pswp-item layzr-bg\" data-large_image_width=\"800\" data-large_image_height=\"600\" data-dt-img-description=\"\" ><img class=\"preload-me owl-lazy-load\" src=\"data:image\/svg+xml,%3Csvg%20xmlns%3D&#39;http%3A%2F%2Fwww.w3.org%2F2000%2Fsvg&#39;%20viewBox%3D&#39;0%200%20800%20600&#39;%2F%3E\" data-src=\"https:\/\/www.skisur.com\/nueva\/wp-content\/uploads\/2020\/12\/ellugar2.jpg\" data-srcset=\"https:\/\/www.skisur.com\/nueva\/wp-content\/uploads\/2020\/12\/ellugar2.jpg 800w\" alt=\"\" width=\"800\" height=\"600\"  \/><span class=\"gallery-rollover\"><\/span><\/a><\/figure><\/div><div data-post-id=\"388\" data-date=\"2020-12-07T15:20:55-03:00\" data-name=\"\"><figure class=\"post\"><a href=\"https:\/\/www.skisur.com\/nueva\/wp-content\/uploads\/2020\/12\/ellugar4.jpg\" class=\"rollover dt-pswp-item layzr-bg\" data-large_image_width=\"800\" data-large_image_height=\"600\" data-dt-img-description=\"\" ><img class=\"preload-me owl-lazy-load\" src=\"data:image\/svg+xml,%3Csvg%20xmlns%3D&#39;http%3A%2F%2Fwww.w3.org%2F2000%2Fsvg&#39;%20viewBox%3D&#39;0%200%20800%20600&#39;%2F%3E\" data-src=\"https:\/\/www.skisur.com\/nueva\/wp-content\/uploads\/2020\/12\/ellugar4.jpg\" data-srcset=\"https:\/\/www.skisur.com\/nueva\/wp-content\/uploads\/2020\/12\/ellugar4.jpg 800w\" alt=\"\" width=\"800\" height=\"600\"  \/><span class=\"gallery-rollover\"><\/span><\/a><\/figure><\/div><div data-post-id=\"386\" data-date=\"2020-12-07T15:20:54-03:00\" data-name=\"\"><figure class=\"post\"><a href=\"https:\/\/www.skisur.com\/nueva\/wp-content\/uploads\/2020\/12\/ellugar3.jpg\" class=\"rollover dt-pswp-item layzr-bg\" data-large_image_width=\"800\" data-large_image_height=\"600\" data-dt-img-description=\"\" ><img class=\"preload-me owl-lazy-load\" src=\"data:image\/svg+xml,%3Csvg%20xmlns%3D&#39;http%3A%2F%2Fwww.w3.org%2F2000%2Fsvg&#39;%20viewBox%3D&#39;0%200%20800%20600&#39;%2F%3E\" data-src=\"https:\/\/www.skisur.com\/nueva\/wp-content\/uploads\/2020\/12\/ellugar3.jpg\" data-srcset=\"https:\/\/www.skisur.com\/nueva\/wp-content\/uploads\/2020\/12\/ellugar3.jpg 800w\" alt=\"\" width=\"800\" height=\"600\"  \/><span class=\"gallery-rollover\"><\/span><\/a><\/figure><\/div><div data-post-id=\"390\" data-date=\"2020-12-07T15:21:00-03:00\" data-name=\"\"><figure class=\"post\"><a href=\"https:\/\/www.skisur.com\/nueva\/wp-content\/uploads\/2020\/12\/ellugar5.jpg\" class=\"rollover dt-pswp-item layzr-bg\" data-large_image_width=\"800\" data-large_image_height=\"600\" data-dt-img-description=\"\" ><img class=\"preload-me owl-lazy-load\" src=\"data:image\/svg+xml,%3Csvg%20xmlns%3D&#39;http%3A%2F%2Fwww.w3.org%2F2000%2Fsvg&#39;%20viewBox%3D&#39;0%200%20800%20600&#39;%2F%3E\" data-src=\"https:\/\/www.skisur.com\/nueva\/wp-content\/uploads\/2020\/12\/ellugar5.jpg\" data-srcset=\"https:\/\/www.skisur.com\/nueva\/wp-content\/uploads\/2020\/12\/ellugar5.jpg 800w\" alt=\"\" width=\"800\" height=\"600\"  \/><span class=\"gallery-rollover\"><\/span><\/a><\/figure><\/div><\/div>[\/vc_column][vc_column width=&#8221;1\/2&#8243;][vc_column_text el_class=&#8221;interna2&#8243;]Ski Sur Apartaments \u00e9 um\u00a0complexo de apartamentos de aluguel tur\u00edstico, localizado na base do\u00a0Cerro Catedral, a s\u00f3 350 metros dos meios de eleva\u00e7\u00e3o e das pistas de esqui.<\/p>\n<p>Os nossos\u00a0apartamentos\u00a0s\u00e3o amplos, modernos, e est\u00e3o equipados com todo o conforto. Cada um deles tem uma \u00f3tima vista ao Cerro Catedral, suas pistas e bosques nativos.<\/p>\n<p>A constru\u00e7\u00e3o, realizada com materiais modernos e detalhes charmosos na decora\u00e7\u00e3o, far\u00e3o com que voc\u00ea sinta o aconchego e conforto necess\u00e1rios para desfrutar de uma estada inesquec\u00edvel.<\/p>\n<p>Ver\u00e3o, outono, inverno ou primavera&#8230; Qualquer esta\u00e7\u00e3o do ano \u00e9 legal para conhecer ou voltar ao\u00a0Cerro Catedral. Os nossos apartamentos ficam abertos o ano todo!<\/p>\n<p><strong>Aguardamos voc\u00eas!<\/strong>[\/vc_column_text][\/vc_column][\/vc_row]<\/p>\n","protected":false},"excerpt":{"rendered":"<p>[vc_row type=&#8221;vc_default&#8221; gap=&#8221;30&#8243;][vc_column width=&#8221;1\/2&#8243;][\/vc_column][vc_column width=&#8221;1\/2&#8243;][vc_column_text el_class=&#8221;interna2&#8243;]Ski Sur Apartaments \u00e9 um\u00a0complexo de apartamentos de aluguel tur\u00edstico, localizado na base do\u00a0Cerro Catedral, a s\u00f3 350 metros dos meios de eleva\u00e7\u00e3o e das pistas de esqui. Os nossos\u00a0apartamentos\u00a0s\u00e3o amplos, modernos, e est\u00e3o equipados com todo o conforto. Cada um deles tem uma \u00f3tima vista ao Cerro Catedral, suas&hellip;<\/p>\n","protected":false},"author":1,"featured_media":0,"parent":0,"menu_order":0,"comment_status":"closed","ping_status":"closed","template":"","meta":[],"yoast_head":"<!-- This site is optimized with the Yoast SEO plugin v15.4 - https:\/\/yoast.com\/wordpress\/plugins\/seo\/ -->\n<title>O lugar - Ski Sur | Departamentos en el Cerro Catedral<\/title>\n<meta name=\"robots\" content=\"index, follow, max-snippet:-1, max-image-preview:large, max-video-preview:-1\" \/>\n<link rel=\"canonical\" href=\"https:\/\/www.skisur.com\/pt-br\/el-lugar\/\" \/>\n<meta property=\"og:locale\" content=\"pt_BR\" \/>\n<meta property=\"og:type\" content=\"article\" \/>\n<meta property=\"og:title\" content=\"O lugar - Ski Sur | Departamentos en el Cerro Catedral\" \/>\n<meta property=\"og:description\" content=\"[vc_row type=&#8221;vc_default&#8221; gap=&#8221;30&#8243;][vc_column width=&#8221;1\/2&#8243;][\/vc_column][vc_column width=&#8221;1\/2&#8243;][vc_column_text el_class=&#8221;interna2&#8243;]Ski Sur Apartaments \u00e9 um\u00a0complexo de apartamentos de aluguel tur\u00edstico, localizado na base do\u00a0Cerro Catedral, a s\u00f3 350 metros dos meios de eleva\u00e7\u00e3o e das pistas de esqui. Os nossos\u00a0apartamentos\u00a0s\u00e3o amplos, modernos, e est\u00e3o equipados com todo o conforto. Cada um deles tem uma \u00f3tima vista ao Cerro Catedral, suas&hellip;\" \/>\n<meta property=\"og:url\" content=\"https:\/\/www.skisur.com\/pt-br\/el-lugar\/\" \/>\n<meta property=\"og:site_name\" content=\"Ski Sur | Departamentos en el Cerro Catedral\" \/>\n<meta property=\"article:modified_time\" content=\"2020-12-09T18:20:48+00:00\" \/>\n<meta name=\"twitter:card\" content=\"summary_large_image\" \/>\n<meta name=\"twitter:label1\" content=\"Written by\">\n\t<meta name=\"twitter:data1\" content=\"MAndrade\">\n\t<meta name=\"twitter:label2\" content=\"Est. reading time\">\n\t<meta name=\"twitter:data2\" content=\"1 minuto\">\n<script type=\"application\/ld+json\" class=\"yoast-schema-graph\">{\"@context\":\"https:\/\/schema.org\",\"@graph\":[{\"@type\":\"WebSite\",\"@id\":\"https:\/\/www.skisur.com\/#website\",\"url\":\"https:\/\/www.skisur.com\/\",\"name\":\"Ski Sur | Departamentos en el Cerro Catedral\",\"description\":\"\",\"potentialAction\":[{\"@type\":\"SearchAction\",\"target\":\"https:\/\/www.skisur.com\/?s={search_term_string}\",\"query-input\":\"required name=search_term_string\"}],\"inLanguage\":\"pt-BR\"},{\"@type\":\"WebPage\",\"@id\":\"https:\/\/www.skisur.com\/pt-br\/el-lugar\/#webpage\",\"url\":\"https:\/\/www.skisur.com\/pt-br\/el-lugar\/\",\"name\":\"O lugar - Ski Sur | Departamentos en el Cerro Catedral\",\"isPartOf\":{\"@id\":\"https:\/\/www.skisur.com\/#website\"},\"datePublished\":\"2020-12-04T18:36:25+00:00\",\"dateModified\":\"2020-12-09T18:20:48+00:00\",\"inLanguage\":\"pt-BR\",\"potentialAction\":[{\"@type\":\"ReadAction\",\"target\":[\"https:\/\/www.skisur.com\/pt-br\/el-lugar\/\"]}]}]}<\/script>\n<!-- \/ Yoast SEO plugin. -->","_links":{"self":[{"href":"https:\/\/www.skisur.com\/pt-br\/wp-json\/wp\/v2\/pages\/423"}],"collection":[{"href":"https:\/\/www.skisur.com\/pt-br\/wp-json\/wp\/v2\/pages"}],"about":[{"href":"https:\/\/www.skisur.com\/pt-br\/wp-json\/wp\/v2\/types\/page"}],"author":[{"embeddable":true,"href":"https:\/\/www.skisur.com\/pt-br\/wp-json\/wp\/v2\/users\/1"}],"replies":[{"embeddable":true,"href":"https:\/\/www.skisur.com\/pt-br\/wp-json\/wp\/v2\/comments?post=423"}],"version-history":[{"count":0,"href":"https:\/\/www.skisur.com\/pt-br\/wp-json\/wp\/v2\/pages\/423\/revisions"}],"wp:attachment":[{"href":"https:\/\/www.skisur.com\/pt-br\/wp-json\/wp\/v2\/media?parent=423"}],"curies":[{"name":"wp","href":"https:\/\/api.w.org\/{rel}","templated":true}]}}