{"id":449,"date":"2020-12-04T15:36:35","date_gmt":"2020-12-04T18:36:35","guid":{"rendered":"http:\/\/www.skisur.com\/nueva\/departamentos\/"},"modified":"2024-12-18T15:19:35","modified_gmt":"2024-12-18T18:19:35","slug":"departamentos","status":"publish","type":"page","link":"https:\/\/www.skisur.com\/pt-br\/departamentos\/","title":{"rendered":"Os Apartamentos"},"content":{"rendered":"<p>[vc_row type=&#8221;vc_default&#8221; css=&#8221;.vc_custom_1607362781916{margin-top: 0px !important;}&#8221;][vc_column width=&#8221;1\/6&#8243;][\/vc_column][vc_column width=&#8221;2\/3&#8243;][vc_custom_heading text=&#8221;Temos 7 apartamentos no Ski Sur, e cada um deles est\u00e1 super equipado com tudo que voc\u00ea precisa para uma estada inesquec\u00edvel no Cerro Catedral: rede WI FI, TV LCD, cofre de seguran\u00e7a, cozinha com lou\u00e7a completa e uma delicada roupa de cama. Charmosos, cada um deles foi decorado com personalidade&#8230;&#8221; font_container=&#8221;tag:h2|font_size:22|text_align:center|color:%23ffffff|line_height:27px&#8221; google_fonts=&#8221;font_family:Roboto%3A100%2C100italic%2C300%2C300italic%2Cregular%2Citalic%2C500%2C500italic%2C700%2C700italic%2C900%2C900italic|font_style:100%20light%20regular%3A100%3Anormal&#8221;][\/vc_column][vc_column width=&#8221;1\/6&#8243;][\/vc_column][\/vc_row][vc_row type=&#8221;vc_default&#8221; css=&#8221;.vc_custom_1607113990345{margin-top: 40px !important;}&#8221;][vc_column width=&#8221;1\/5&#8243;]<style type=\"text\/css\" data-type=\"the7_shortcodes-inline-css\">.shortcode-single-image-wrap.shortcode-single-image-eb40e873801a04584e708e2c469e3a04.enable-bg-rollover .rollover i,\n.shortcode-single-image-wrap.shortcode-single-image-eb40e873801a04584e708e2c469e3a04.enable-bg-rollover .rollover-video i {\n  background: rgba(52,3,7,0.42);\n  box-shadow: none;\n  background: -webkit-linear-gradient();\n  background: linear-gradient();\n}\n.shortcode-single-image-wrap.shortcode-single-image-eb40e873801a04584e708e2c469e3a04 .rollover-icon {\n  font-size: 44px;\n  color: #ffffff;\n  min-width: 44px;\n  min-height: 44px;\n  line-height: 44px;\n  border-radius: 100px;\n  border-style: solid;\n  border-width: 0px;\n}\n.dt-icon-bg-on.shortcode-single-image-wrap.shortcode-single-image-eb40e873801a04584e708e2c469e3a04 .rollover-icon {\n  background: rgba(255,255,255,0.3);\n  box-shadow: none;\n}\n<\/style><div class=\"shortcode-single-image-wrap shortcode-single-image-eb40e873801a04584e708e2c469e3a04 alignnone  enable-bg-rollover dt-icon-bg-off\" style=\"margin-top:0px; margin-bottom:0px; margin-left:0px; margin-right:0px;\"><div class=\"shortcode-single-image borde-home\"><div class=\"fancy-media-wrap\" style=\"\"><a href=\"\/pt-br\/studio\/\" class=\" layzr-bg rollover\" style=\"\" aria-label=\"Image\"><img class=\"preload-me lazy-load\" src=\"data:image\/svg+xml,%3Csvg%20xmlns%3D&#39;http%3A%2F%2Fwww.w3.org%2F2000%2Fsvg&#39;%20viewBox%3D&#39;0%200%20800%20500&#39;%2F%3E\" data-src=\"https:\/\/www.skisur.com\/nueva\/wp-content\/uploads\/2024\/12\/dest.jpg\" data-srcset=\"https:\/\/www.skisur.com\/nueva\/wp-content\/uploads\/2024\/12\/dest.jpg 800w\" width=\"800\" height=\"500\"  data-dt-location=\"https:\/\/www.skisur.com\/pt-br\/inicio\/dest-2\/\" alt=\"\" \/><span class=\"rollover-icon icomoon-the7-font-the7-plus-04\"><\/span><\/a><\/div><\/div><\/div><div id=\"ultimate-heading-215269d63a43b2b3f\" class=\"uvc-heading ult-adjust-bottom-margin ultimate-heading-215269d63a43b2b3f uvc-229 \" data-hspacer=\"no_spacer\"  data-halign=\"center\" style=\"text-align:center\"><div class=\"uvc-heading-spacer no_spacer\" style=\"top\"><\/div><div class=\"uvc-main-heading ult-responsive\"  data-ultimate-target='.uvc-heading.ultimate-heading-215269d63a43b2b3f h2'  data-responsive-json-new='{\"font-size\":\"desktop:20px;\",\"line-height\":\"\"}' ><h2 style=\"font-family:&#039;Roboto&#039;;font-weight:300;color:#ffffff;margin-top:20px;\">STUDIO<\/h2><\/div><div class=\"uvc-sub-heading ult-responsive\"  data-ultimate-target='.uvc-heading.ultimate-heading-215269d63a43b2b3f .uvc-sub-heading '  data-responsive-json-new='{\"font-size\":\"desktop:16px;\",\"line-height\":\"\"}'  style=\"font-family:&#039;Roboto&#039;;font-weight:300;color:#a9a9a9;\">2\/3 pessoas<\/div><\/div><div class=\"ult-spacer spacer-69d63a43b2c23\" data-id=\"69d63a43b2c23\" data-height=\"0\" data-height-mobile=\"20\" data-height-tab=\"\" data-height-tab-portrait=\"\" data-height-mobile-landscape=\"\" style=\"clear:both;display:block;\"><\/div>[\/vc_column][vc_column width=&#8221;1\/5&#8243;]<style type=\"text\/css\" data-type=\"the7_shortcodes-inline-css\">.shortcode-single-image-wrap.shortcode-single-image-d60bb0496839f6cd076c9647d0103bd3.enable-bg-rollover .rollover i,\n.shortcode-single-image-wrap.shortcode-single-image-d60bb0496839f6cd076c9647d0103bd3.enable-bg-rollover .rollover-video i {\n  background: rgba(52,3,7,0.42);\n  box-shadow: none;\n  background: -webkit-linear-gradient();\n  background: linear-gradient();\n}\n.shortcode-single-image-wrap.shortcode-single-image-d60bb0496839f6cd076c9647d0103bd3 .rollover-icon {\n  font-size: 44px;\n  color: #ffffff;\n  min-width: 44px;\n  min-height: 44px;\n  line-height: 44px;\n  border-radius: 100px;\n  border-style: solid;\n  border-width: 0px;\n}\n.dt-icon-bg-on.shortcode-single-image-wrap.shortcode-single-image-d60bb0496839f6cd076c9647d0103bd3 .rollover-icon {\n  background: rgba(255,255,255,0.3);\n  box-shadow: none;\n}\n<\/style><div class=\"shortcode-single-image-wrap shortcode-single-image-d60bb0496839f6cd076c9647d0103bd3 alignnone  enable-bg-rollover dt-icon-bg-off\" style=\"margin-top:0px; margin-bottom:0px; margin-left:0px; margin-right:0px;\"><div class=\"shortcode-single-image borde-home\"><div class=\"fancy-media-wrap\" style=\"\"><a href=\"\/pt-br\/suite\/\" class=\" layzr-bg rollover\" style=\"\" aria-label=\"Image\"><img class=\"preload-me lazy-load\" src=\"data:image\/svg+xml,%3Csvg%20xmlns%3D&#39;http%3A%2F%2Fwww.w3.org%2F2000%2Fsvg&#39;%20viewBox%3D&#39;0%200%20800%20500&#39;%2F%3E\" data-src=\"https:\/\/www.skisur.com\/nueva\/wp-content\/uploads\/2024\/12\/dest-1.jpg\" data-srcset=\"https:\/\/www.skisur.com\/nueva\/wp-content\/uploads\/2024\/12\/dest-1.jpg 800w\" width=\"800\" height=\"500\"  data-dt-location=\"https:\/\/www.skisur.com\/pt-br\/inicio\/dest-2-2\/\" alt=\"\" \/><span class=\"rollover-icon icomoon-the7-font-the7-plus-04\"><\/span><\/a><\/div><\/div><\/div><div id=\"ultimate-heading-569d63a43b3b44\" class=\"uvc-heading ult-adjust-bottom-margin ultimate-heading-569d63a43b3b44 uvc-7947 \" data-hspacer=\"no_spacer\"  data-halign=\"center\" style=\"text-align:center\"><div class=\"uvc-heading-spacer no_spacer\" style=\"top\"><\/div><div class=\"uvc-main-heading ult-responsive\"  data-ultimate-target='.uvc-heading.ultimate-heading-569d63a43b3b44 h2'  data-responsive-json-new='{\"font-size\":\"desktop:20px;\",\"line-height\":\"\"}' ><h2 style=\"font-family:&#039;Roboto&#039;;font-weight:300;color:#ffffff;margin-top:20px;\">SUITE<\/h2><\/div><div class=\"uvc-sub-heading ult-responsive\"  data-ultimate-target='.uvc-heading.ultimate-heading-569d63a43b3b44 .uvc-sub-heading '  data-responsive-json-new='{\"font-size\":\"desktop:16px;\",\"line-height\":\"\"}'  style=\"font-family:&#039;Roboto&#039;;font-weight:300;color:#a9a9a9;\">4 pessoas<\/div><\/div><div class=\"ult-spacer spacer-69d63a43b3b92\" data-id=\"69d63a43b3b92\" data-height=\"0\" data-height-mobile=\"20\" data-height-tab=\"\" data-height-tab-portrait=\"\" data-height-mobile-landscape=\"\" style=\"clear:both;display:block;\"><\/div>[\/vc_column][vc_column width=&#8221;1\/5&#8243;]<style type=\"text\/css\" data-type=\"the7_shortcodes-inline-css\">.shortcode-single-image-wrap.shortcode-single-image-c916915a16d70867ab49c1af69cd45ce.enable-bg-rollover .rollover i,\n.shortcode-single-image-wrap.shortcode-single-image-c916915a16d70867ab49c1af69cd45ce.enable-bg-rollover .rollover-video i {\n  background: rgba(52,3,7,0.42);\n  box-shadow: none;\n  background: -webkit-linear-gradient();\n  background: linear-gradient();\n}\n.shortcode-single-image-wrap.shortcode-single-image-c916915a16d70867ab49c1af69cd45ce .rollover-icon {\n  font-size: 44px;\n  color: #ffffff;\n  min-width: 44px;\n  min-height: 44px;\n  line-height: 44px;\n  border-radius: 100px;\n  border-style: solid;\n  border-width: 0px;\n}\n.dt-icon-bg-on.shortcode-single-image-wrap.shortcode-single-image-c916915a16d70867ab49c1af69cd45ce .rollover-icon {\n  background: rgba(255,255,255,0.3);\n  box-shadow: none;\n}\n<\/style><div class=\"shortcode-single-image-wrap shortcode-single-image-c916915a16d70867ab49c1af69cd45ce alignnone  enable-bg-rollover dt-icon-bg-off\" style=\"margin-top:0px; margin-bottom:0px; margin-left:0px; margin-right:0px;\"><div class=\"shortcode-single-image borde-home\"><div class=\"fancy-media-wrap\" style=\"\"><a href=\"\/pt-br\/superior\/\" class=\" layzr-bg rollover\" style=\"\" aria-label=\"Image\"><img class=\"preload-me lazy-load\" src=\"data:image\/svg+xml,%3Csvg%20xmlns%3D&#39;http%3A%2F%2Fwww.w3.org%2F2000%2Fsvg&#39;%20viewBox%3D&#39;0%200%20800%20500&#39;%2F%3E\" data-src=\"https:\/\/www.skisur.com\/nueva\/wp-content\/uploads\/2024\/12\/dest-2.jpg\" data-srcset=\"https:\/\/www.skisur.com\/nueva\/wp-content\/uploads\/2024\/12\/dest-2.jpg 800w\" width=\"800\" height=\"500\"  data-dt-location=\"https:\/\/www.skisur.com\/pt-br\/inicio\/dest-3-2\/\" alt=\"\" \/><span class=\"rollover-icon icomoon-the7-font-the7-plus-04\"><\/span><\/a><\/div><\/div><\/div><div id=\"ultimate-heading-26669d63a43b451b\" class=\"uvc-heading ult-adjust-bottom-margin ultimate-heading-26669d63a43b451b uvc-3916 \" data-hspacer=\"no_spacer\"  data-halign=\"center\" style=\"text-align:center\"><div class=\"uvc-heading-spacer no_spacer\" style=\"top\"><\/div><div class=\"uvc-main-heading ult-responsive\"  data-ultimate-target='.uvc-heading.ultimate-heading-26669d63a43b451b h2'  data-responsive-json-new='{\"font-size\":\"desktop:20px;\",\"line-height\":\"\"}' ><h2 style=\"font-family:&#039;Roboto&#039;;font-weight:300;color:#ffffff;margin-top:20px;\">SUPERIOR<\/h2><\/div><div class=\"uvc-sub-heading ult-responsive\"  data-ultimate-target='.uvc-heading.ultimate-heading-26669d63a43b451b .uvc-sub-heading '  data-responsive-json-new='{\"font-size\":\"desktop:16px;\",\"line-height\":\"\"}'  style=\"font-family:&#039;Roboto&#039;;font-weight:300;color:#a9a9a9;\">5\/6 pessoas<\/div><\/div><div class=\"ult-spacer spacer-69d63a43b4567\" data-id=\"69d63a43b4567\" data-height=\"0\" data-height-mobile=\"20\" data-height-tab=\"\" data-height-tab-portrait=\"\" data-height-mobile-landscape=\"\" style=\"clear:both;display:block;\"><\/div>[\/vc_column][vc_column width=&#8221;1\/5&#8243;]<style type=\"text\/css\" data-type=\"the7_shortcodes-inline-css\">.shortcode-single-image-wrap.shortcode-single-image-d50bda5e62855129f58508ba48304051.enable-bg-rollover .rollover i,\n.shortcode-single-image-wrap.shortcode-single-image-d50bda5e62855129f58508ba48304051.enable-bg-rollover .rollover-video i {\n  background: rgba(52,3,7,0.42);\n  box-shadow: none;\n  background: -webkit-linear-gradient();\n  background: linear-gradient();\n}\n.shortcode-single-image-wrap.shortcode-single-image-d50bda5e62855129f58508ba48304051 .rollover-icon {\n  font-size: 44px;\n  color: #ffffff;\n  min-width: 44px;\n  min-height: 44px;\n  line-height: 44px;\n  border-radius: 100px;\n  border-style: solid;\n  border-width: 0px;\n}\n.dt-icon-bg-on.shortcode-single-image-wrap.shortcode-single-image-d50bda5e62855129f58508ba48304051 .rollover-icon {\n  background: rgba(255,255,255,0.3);\n  box-shadow: none;\n}\n<\/style><div class=\"shortcode-single-image-wrap shortcode-single-image-d50bda5e62855129f58508ba48304051 alignnone  enable-bg-rollover dt-icon-bg-off\" style=\"margin-top:0px; margin-bottom:0px; margin-left:0px; margin-right:0px;\"><div class=\"shortcode-single-image borde-home\"><div class=\"fancy-media-wrap\" style=\"\"><a href=\"\/pt-br\/residencia\/\" class=\" layzr-bg rollover\" style=\"\" aria-label=\"Image\"><img class=\"preload-me lazy-load\" src=\"data:image\/svg+xml,%3Csvg%20xmlns%3D&#39;http%3A%2F%2Fwww.w3.org%2F2000%2Fsvg&#39;%20viewBox%3D&#39;0%200%20800%20500&#39;%2F%3E\" data-src=\"https:\/\/www.skisur.com\/nueva\/wp-content\/uploads\/2024\/12\/dest-3.jpg\" data-srcset=\"https:\/\/www.skisur.com\/nueva\/wp-content\/uploads\/2024\/12\/dest-3.jpg 800w\" width=\"800\" height=\"500\"  data-dt-location=\"https:\/\/www.skisur.com\/pt-br\/inicio\/dest-4-2\/\" alt=\"\" \/><span class=\"rollover-icon icomoon-the7-font-the7-plus-04\"><\/span><\/a><\/div><\/div><\/div><div id=\"ultimate-heading-363669d63a43b5079\" class=\"uvc-heading ult-adjust-bottom-margin ultimate-heading-363669d63a43b5079 uvc-9791 \" data-hspacer=\"no_spacer\"  data-halign=\"center\" style=\"text-align:center\"><div class=\"uvc-heading-spacer no_spacer\" style=\"top\"><\/div><div class=\"uvc-main-heading ult-responsive\"  data-ultimate-target='.uvc-heading.ultimate-heading-363669d63a43b5079 h2'  data-responsive-json-new='{\"font-size\":\"desktop:20px;\",\"line-height\":\"\"}' ><h2 style=\"font-family:&#039;Roboto&#039;;font-weight:300;color:#ffffff;margin-top:20px;\">RESIDENCIA<\/h2><\/div><div class=\"uvc-sub-heading ult-responsive\"  data-ultimate-target='.uvc-heading.ultimate-heading-363669d63a43b5079 .uvc-sub-heading '  data-responsive-json-new='{\"font-size\":\"desktop:16px;\",\"line-height\":\"\"}'  style=\"font-family:&#039;Roboto&#039;;font-weight:300;color:#a9a9a9;\">7\/8 pessoas<\/div><\/div><div class=\"ult-spacer spacer-69d63a43b50cc\" data-id=\"69d63a43b50cc\" data-height=\"0\" data-height-mobile=\"20\" data-height-tab=\"\" data-height-tab-portrait=\"\" data-height-mobile-landscape=\"\" style=\"clear:both;display:block;\"><\/div>[\/vc_column][vc_column width=&#8221;1\/5&#8243;]<style type=\"text\/css\" data-type=\"the7_shortcodes-inline-css\">.shortcode-single-image-wrap.shortcode-single-image-30a0f2b484da14e2a3ffeb5a60a499f2.enable-bg-rollover .rollover i,\n.shortcode-single-image-wrap.shortcode-single-image-30a0f2b484da14e2a3ffeb5a60a499f2.enable-bg-rollover .rollover-video i {\n  background: rgba(52,3,7,0.42);\n  box-shadow: none;\n  background: -webkit-linear-gradient();\n  background: linear-gradient();\n}\n.shortcode-single-image-wrap.shortcode-single-image-30a0f2b484da14e2a3ffeb5a60a499f2 .rollover-icon {\n  font-size: 44px;\n  color: #ffffff;\n  min-width: 44px;\n  min-height: 44px;\n  line-height: 44px;\n  border-radius: 100px;\n  border-style: solid;\n  border-width: 0px;\n}\n.dt-icon-bg-on.shortcode-single-image-wrap.shortcode-single-image-30a0f2b484da14e2a3ffeb5a60a499f2 .rollover-icon {\n  background: rgba(255,255,255,0.3);\n  box-shadow: none;\n}\n<\/style><div class=\"shortcode-single-image-wrap shortcode-single-image-30a0f2b484da14e2a3ffeb5a60a499f2 alignnone  enable-bg-rollover dt-icon-bg-off\" style=\"margin-top:0px; margin-bottom:0px; margin-left:0px; margin-right:0px;\"><div class=\"shortcode-single-image borde-home\"><div class=\"fancy-media-wrap\" style=\"\"><a href=\"\/pt-br\/casita\/\" class=\" layzr-bg rollover\" style=\"\" aria-label=\"Image\"><img class=\"preload-me lazy-load\" src=\"data:image\/svg+xml,%3Csvg%20xmlns%3D&#39;http%3A%2F%2Fwww.w3.org%2F2000%2Fsvg&#39;%20viewBox%3D&#39;0%200%20800%20500&#39;%2F%3E\" data-src=\"https:\/\/www.skisur.com\/nueva\/wp-content\/uploads\/2024\/12\/dest-4.jpg\" data-srcset=\"https:\/\/www.skisur.com\/nueva\/wp-content\/uploads\/2024\/12\/dest-4.jpg 800w\" width=\"800\" height=\"500\"  data-dt-location=\"https:\/\/www.skisur.com\/pt-br\/inicio\/dest-3\/\" alt=\"\" \/><span class=\"rollover-icon icomoon-the7-font-the7-plus-04\"><\/span><\/a><\/div><\/div><\/div><div id=\"ultimate-heading-387969d63a43b5ae6\" class=\"uvc-heading ult-adjust-bottom-margin ultimate-heading-387969d63a43b5ae6 uvc-3410 \" data-hspacer=\"no_spacer\"  data-halign=\"center\" style=\"text-align:center\"><div class=\"uvc-heading-spacer no_spacer\" style=\"top\"><\/div><div class=\"uvc-main-heading ult-responsive\"  data-ultimate-target='.uvc-heading.ultimate-heading-387969d63a43b5ae6 h2'  data-responsive-json-new='{\"font-size\":\"desktop:20px;\",\"line-height\":\"\"}' ><h2 style=\"font-family:&#039;Roboto&#039;;font-weight:300;color:#ffffff;margin-top:20px;\">CASINHA<\/h2><\/div><div class=\"uvc-sub-heading ult-responsive\"  data-ultimate-target='.uvc-heading.ultimate-heading-387969d63a43b5ae6 .uvc-sub-heading '  data-responsive-json-new='{\"font-size\":\"desktop:16px;\",\"line-height\":\"\"}'  style=\"font-family:&#039;Roboto&#039;;font-weight:300;color:#a9a9a9;\">4 pessoas<\/div><\/div><div class=\"ult-spacer spacer-69d63a43b5b4f\" data-id=\"69d63a43b5b4f\" data-height=\"0\" data-height-mobile=\"20\" data-height-tab=\"\" data-height-tab-portrait=\"\" data-height-mobile-landscape=\"\" style=\"clear:both;display:block;\"><\/div>[\/vc_column][\/vc_row][vc_row][vc_column]<div class=\"ult-spacer spacer-69d63a43b5b70\" data-id=\"69d63a43b5b70\" data-height=\"30\" data-height-mobile=\"30\" data-height-tab=\"30\" data-height-tab-portrait=\"\" data-height-mobile-landscape=\"\" style=\"clear:both;display:block;\"><\/div>[\/vc_column][\/vc_row]<\/p>\n","protected":false},"excerpt":{"rendered":"<p>[vc_row type=&#8221;vc_default&#8221; css=&#8221;.vc_custom_1607362781916{margin-top: 0px !important;}&#8221;][vc_column width=&#8221;1\/6&#8243;][\/vc_column][vc_column width=&#8221;2\/3&#8243;][vc_custom_heading text=&#8221;Temos 7 apartamentos no Ski Sur, e cada um deles est\u00e1 super equipado com tudo que voc\u00ea precisa para uma estada inesquec\u00edvel no Cerro Catedral: rede WI FI, TV LCD, cofre de seguran\u00e7a, cozinha com lou\u00e7a completa e uma delicada roupa de cama. Charmosos, cada um deles foi&hellip;<\/p>\n","protected":false},"author":1,"featured_media":0,"parent":0,"menu_order":0,"comment_status":"closed","ping_status":"closed","template":"","meta":[],"yoast_head":"<!-- This site is optimized with the Yoast SEO plugin v15.4 - https:\/\/yoast.com\/wordpress\/plugins\/seo\/ -->\n<title>Os Apartamentos - Ski Sur | Departamentos en el Cerro Catedral<\/title>\n<meta name=\"robots\" content=\"index, follow, max-snippet:-1, max-image-preview:large, max-video-preview:-1\" \/>\n<link rel=\"canonical\" href=\"https:\/\/www.skisur.com\/pt-br\/departamentos\/\" \/>\n<meta property=\"og:locale\" content=\"pt_BR\" \/>\n<meta property=\"og:type\" content=\"article\" \/>\n<meta property=\"og:title\" content=\"Os Apartamentos - Ski Sur | Departamentos en el Cerro Catedral\" \/>\n<meta property=\"og:description\" content=\"[vc_row type=&#8221;vc_default&#8221; css=&#8221;.vc_custom_1607362781916{margin-top: 0px !important;}&#8221;][vc_column width=&#8221;1\/6&#8243;][\/vc_column][vc_column width=&#8221;2\/3&#8243;][vc_custom_heading text=&#8221;Temos 7 apartamentos no Ski Sur, e cada um deles est\u00e1 super equipado com tudo que voc\u00ea precisa para uma estada inesquec\u00edvel no Cerro Catedral: rede WI FI, TV LCD, cofre de seguran\u00e7a, cozinha com lou\u00e7a completa e uma delicada roupa de cama. Charmosos, cada um deles foi&hellip;\" \/>\n<meta property=\"og:url\" content=\"https:\/\/www.skisur.com\/pt-br\/departamentos\/\" \/>\n<meta property=\"og:site_name\" content=\"Ski Sur | Departamentos en el Cerro Catedral\" \/>\n<meta property=\"article:modified_time\" content=\"2024-12-18T18:19:35+00:00\" \/>\n<meta name=\"twitter:card\" content=\"summary_large_image\" \/>\n<meta name=\"twitter:label1\" content=\"Written by\">\n\t<meta name=\"twitter:data1\" content=\"MAndrade\">\n\t<meta name=\"twitter:label2\" content=\"Est. reading time\">\n\t<meta name=\"twitter:data2\" content=\"3 minutos\">\n<script type=\"application\/ld+json\" class=\"yoast-schema-graph\">{\"@context\":\"https:\/\/schema.org\",\"@graph\":[{\"@type\":\"WebSite\",\"@id\":\"https:\/\/www.skisur.com\/#website\",\"url\":\"https:\/\/www.skisur.com\/\",\"name\":\"Ski Sur | Departamentos en el Cerro Catedral\",\"description\":\"\",\"potentialAction\":[{\"@type\":\"SearchAction\",\"target\":\"https:\/\/www.skisur.com\/?s={search_term_string}\",\"query-input\":\"required name=search_term_string\"}],\"inLanguage\":\"pt-BR\"},{\"@type\":\"WebPage\",\"@id\":\"https:\/\/www.skisur.com\/pt-br\/departamentos\/#webpage\",\"url\":\"https:\/\/www.skisur.com\/pt-br\/departamentos\/\",\"name\":\"Os Apartamentos - Ski Sur | Departamentos en el Cerro Catedral\",\"isPartOf\":{\"@id\":\"https:\/\/www.skisur.com\/#website\"},\"datePublished\":\"2020-12-04T18:36:35+00:00\",\"dateModified\":\"2024-12-18T18:19:35+00:00\",\"inLanguage\":\"pt-BR\",\"potentialAction\":[{\"@type\":\"ReadAction\",\"target\":[\"https:\/\/www.skisur.com\/pt-br\/departamentos\/\"]}]}]}<\/script>\n<!-- \/ Yoast SEO plugin. -->","_links":{"self":[{"href":"https:\/\/www.skisur.com\/pt-br\/wp-json\/wp\/v2\/pages\/449"}],"collection":[{"href":"https:\/\/www.skisur.com\/pt-br\/wp-json\/wp\/v2\/pages"}],"about":[{"href":"https:\/\/www.skisur.com\/pt-br\/wp-json\/wp\/v2\/types\/page"}],"author":[{"embeddable":true,"href":"https:\/\/www.skisur.com\/pt-br\/wp-json\/wp\/v2\/users\/1"}],"replies":[{"embeddable":true,"href":"https:\/\/www.skisur.com\/pt-br\/wp-json\/wp\/v2\/comments?post=449"}],"version-history":[{"count":0,"href":"https:\/\/www.skisur.com\/pt-br\/wp-json\/wp\/v2\/pages\/449\/revisions"}],"wp:attachment":[{"href":"https:\/\/www.skisur.com\/pt-br\/wp-json\/wp\/v2\/media?parent=449"}],"curies":[{"name":"wp","href":"https:\/\/api.w.org\/{rel}","templated":true}]}}