{"id":470,"date":"2020-12-04T15:55:53","date_gmt":"2020-12-04T18:55:53","guid":{"rendered":"http:\/\/www.skisur.com\/nueva\/informacion-del-cerro\/"},"modified":"2020-12-09T16:16:14","modified_gmt":"2020-12-09T19:16:14","slug":"informacion-del-cerro","status":"publish","type":"page","link":"https:\/\/www.skisur.com\/pt-br\/informacion-del-cerro\/","title":{"rendered":"Informa\u00e7\u00e3o do cerro"},"content":{"rendered":"<p>[vc_row][vc_column][layerslider_vc id=&#8221;7&#8243;][\/vc_column][\/vc_row][vc_row type=&#8221;vc_default&#8221; css=&#8221;.vc_custom_1607371487997{margin-top: 20px !important;}&#8221;][vc_column][vc_row_inner][vc_column_inner width=&#8221;1\/6&#8243;][\/vc_column_inner][vc_column_inner width=&#8221;2\/3&#8243;][vc_column_text el_class=&#8221;interna&#8221;]<\/p>\n<p style=\"text-align: center;\">O Cerro Catedral ficaa s\u00f3 20 quil\u00f4metros da cidade de Bariloche e come\u00e7a a sua temporada com a chegada das primeiras nevadas, para receber os visitantes ansiosos de conhecer e desfrutar da aventura que prometem o esqui e os esportes invernais. Com uma altura de 1.030 metros sobre o n\u00edvel do mar, o Cerro Catedral parece querer reunir a terra e o c\u00e9u&#8230; Pioneiro em Am\u00e9rica do Sul, hoje \u00e9 o centro de esqui mais completo do pa\u00eds e continua modernizando a suas instala\u00e7\u00f5es para oferecer ao visitante uma estrutura de avan\u00e7ada.<\/p>\n<p>[\/vc_column_text]<div class=\"ult-spacer spacer-69d66a5a597aa\" data-id=\"69d66a5a597aa\" data-height=\"20\" data-height-mobile=\"20\" data-height-tab=\"20\" data-height-tab-portrait=\"\" data-height-mobile-landscape=\"\" style=\"clear:both;display:block;\"><\/div><style type=\"text\/css\" data-type=\"the7_shortcodes-inline-css\">#default-btn-9aca5b4509434fa21bb02b3f8d7b9ea0.ico-right-side > i {\n  margin-right: 0px;\n  margin-left: 8px;\n}\n#default-btn-9aca5b4509434fa21bb02b3f8d7b9ea0 > i {\n  margin-right: 8px;\n}\n#default-btn-9aca5b4509434fa21bb02b3f8d7b9ea0 * {\n  vertical-align: middle;\n}\n<\/style><div class=\"btn-align-center\"><a href=\"https:\/\/www.catedralaltapatagonia.com\/parte-diario.php?default_tab=1\" class=\"default-btn-shortcode dt-btn dt-btn-m link-hover-off \" target=\"_blank\" id=\"default-btn-9aca5b4509434fa21bb02b3f8d7b9ea0\" rel=\"noopener\"><span>LER MAIS<\/span><\/a><\/div>[\/vc_column_inner][vc_column_inner width=&#8221;1\/6&#8243;][\/vc_column_inner][\/vc_row_inner][\/vc_column][\/vc_row][vc_row][vc_column]<div class=\"ult-spacer spacer-69d66a5b48308\" data-id=\"69d66a5b48308\" data-height=\"30\" data-height-mobile=\"30\" data-height-tab=\"30\" data-height-tab-portrait=\"\" data-height-mobile-landscape=\"\" style=\"clear:both;display:block;\"><\/div>[\/vc_column][\/vc_row]<\/p>\n","protected":false},"excerpt":{"rendered":"<p>[vc_row][vc_column][layerslider_vc id=&#8221;7&#8243;][\/vc_column][\/vc_row][vc_row type=&#8221;vc_default&#8221; css=&#8221;.vc_custom_1607371487997{margin-top: 20px !important;}&#8221;][vc_column][vc_row_inner][vc_column_inner width=&#8221;1\/6&#8243;][\/vc_column_inner][vc_column_inner width=&#8221;2\/3&#8243;][vc_column_text el_class=&#8221;interna&#8221;] O Cerro Catedral ficaa s\u00f3 20 quil\u00f4metros da cidade de Bariloche e come\u00e7a a sua temporada com a chegada das primeiras nevadas, para receber os visitantes ansiosos de conhecer e desfrutar da aventura que prometem o esqui e os esportes invernais. Com uma altura de 1.030&hellip;<\/p>\n","protected":false},"author":1,"featured_media":0,"parent":0,"menu_order":0,"comment_status":"closed","ping_status":"closed","template":"","meta":[],"yoast_head":"<!-- This site is optimized with the Yoast SEO plugin v15.4 - https:\/\/yoast.com\/wordpress\/plugins\/seo\/ -->\n<title>Informa\u00e7\u00e3o do cerro - Ski Sur | Departamentos en el Cerro Catedral<\/title>\n<meta name=\"robots\" content=\"index, follow, max-snippet:-1, max-image-preview:large, max-video-preview:-1\" \/>\n<link rel=\"canonical\" href=\"https:\/\/www.skisur.com\/pt-br\/informacion-del-cerro\/\" \/>\n<meta property=\"og:locale\" content=\"pt_BR\" \/>\n<meta property=\"og:type\" content=\"article\" \/>\n<meta property=\"og:title\" content=\"Informa\u00e7\u00e3o do cerro - Ski Sur | Departamentos en el Cerro Catedral\" \/>\n<meta property=\"og:description\" content=\"[vc_row][vc_column][layerslider_vc id=&#8221;7&#8243;][\/vc_column][\/vc_row][vc_row type=&#8221;vc_default&#8221; css=&#8221;.vc_custom_1607371487997{margin-top: 20px !important;}&#8221;][vc_column][vc_row_inner][vc_column_inner width=&#8221;1\/6&#8243;][\/vc_column_inner][vc_column_inner width=&#8221;2\/3&#8243;][vc_column_text el_class=&#8221;interna&#8221;] O Cerro Catedral ficaa s\u00f3 20 quil\u00f4metros da cidade de Bariloche e come\u00e7a a sua temporada com a chegada das primeiras nevadas, para receber os visitantes ansiosos de conhecer e desfrutar da aventura que prometem o esqui e os esportes invernais. Com uma altura de 1.030&hellip;\" \/>\n<meta property=\"og:url\" content=\"https:\/\/www.skisur.com\/pt-br\/informacion-del-cerro\/\" \/>\n<meta property=\"og:site_name\" content=\"Ski Sur | Departamentos en el Cerro Catedral\" \/>\n<meta property=\"article:modified_time\" content=\"2020-12-09T19:16:14+00:00\" \/>\n<meta name=\"twitter:card\" content=\"summary_large_image\" \/>\n<meta name=\"twitter:label1\" content=\"Written by\">\n\t<meta name=\"twitter:data1\" content=\"MAndrade\">\n\t<meta name=\"twitter:label2\" content=\"Est. reading time\">\n\t<meta name=\"twitter:data2\" content=\"1 minuto\">\n<script type=\"application\/ld+json\" class=\"yoast-schema-graph\">{\"@context\":\"https:\/\/schema.org\",\"@graph\":[{\"@type\":\"WebSite\",\"@id\":\"https:\/\/www.skisur.com\/#website\",\"url\":\"https:\/\/www.skisur.com\/\",\"name\":\"Ski Sur | Departamentos en el Cerro Catedral\",\"description\":\"\",\"potentialAction\":[{\"@type\":\"SearchAction\",\"target\":\"https:\/\/www.skisur.com\/?s={search_term_string}\",\"query-input\":\"required name=search_term_string\"}],\"inLanguage\":\"pt-BR\"},{\"@type\":\"WebPage\",\"@id\":\"https:\/\/www.skisur.com\/pt-br\/informacion-del-cerro\/#webpage\",\"url\":\"https:\/\/www.skisur.com\/pt-br\/informacion-del-cerro\/\",\"name\":\"Informa\\u00e7\\u00e3o do cerro - Ski Sur | Departamentos en el Cerro Catedral\",\"isPartOf\":{\"@id\":\"https:\/\/www.skisur.com\/#website\"},\"datePublished\":\"2020-12-04T18:55:53+00:00\",\"dateModified\":\"2020-12-09T19:16:14+00:00\",\"inLanguage\":\"pt-BR\",\"potentialAction\":[{\"@type\":\"ReadAction\",\"target\":[\"https:\/\/www.skisur.com\/pt-br\/informacion-del-cerro\/\"]}]}]}<\/script>\n<!-- \/ Yoast SEO plugin. -->","_links":{"self":[{"href":"https:\/\/www.skisur.com\/pt-br\/wp-json\/wp\/v2\/pages\/470"}],"collection":[{"href":"https:\/\/www.skisur.com\/pt-br\/wp-json\/wp\/v2\/pages"}],"about":[{"href":"https:\/\/www.skisur.com\/pt-br\/wp-json\/wp\/v2\/types\/page"}],"author":[{"embeddable":true,"href":"https:\/\/www.skisur.com\/pt-br\/wp-json\/wp\/v2\/users\/1"}],"replies":[{"embeddable":true,"href":"https:\/\/www.skisur.com\/pt-br\/wp-json\/wp\/v2\/comments?post=470"}],"version-history":[{"count":0,"href":"https:\/\/www.skisur.com\/pt-br\/wp-json\/wp\/v2\/pages\/470\/revisions"}],"wp:attachment":[{"href":"https:\/\/www.skisur.com\/pt-br\/wp-json\/wp\/v2\/media?parent=470"}],"curies":[{"name":"wp","href":"https:\/\/api.w.org\/{rel}","templated":true}]}}