{"id":501,"date":"2020-12-04T15:36:48","date_gmt":"2020-12-04T18:36:48","guid":{"rendered":"http:\/\/www.skisur.com\/nueva\/servicios\/"},"modified":"2024-12-18T16:15:00","modified_gmt":"2024-12-18T19:15:00","slug":"servicios","status":"publish","type":"page","link":"https:\/\/www.skisur.com\/pt-br\/servicios\/","title":{"rendered":"Servi\u00e7os"},"content":{"rendered":"<p>[vc_row type=&#8221;vc_default&#8221; gap=&#8221;30&#8243;][vc_column width=&#8221;1\/2&#8243;]<style type=\"text\/css\" data-type=\"the7_shortcodes-inline-css\">.gallery-carousel-shortcode.gallery-carousel-shortcode-id-cfc4d521a3740621d5a085ae1d681b8c .owl-nav a {\n  width: 36px;\n  height: 36px;\n  border-radius: 500px;\n}\n.dt-arrow-border-on.gallery-carousel-shortcode.gallery-carousel-shortcode-id-cfc4d521a3740621d5a085ae1d681b8c .owl-nav a:not(:hover):before {\n  border-width: 0px;\n}\n.dt-arrow-hover-border-on.gallery-carousel-shortcode.gallery-carousel-shortcode-id-cfc4d521a3740621d5a085ae1d681b8c .owl-nav a:hover:after {\n  border-width: 0px;\n}\n.gallery-carousel-shortcode.gallery-carousel-shortcode-id-cfc4d521a3740621d5a085ae1d681b8c .owl-nav a.owl-prev {\n  top: 50%;\n  transform: translateY(calc(-50% + 0px));\n  left: 0px;\n}\n@media all and (-ms-high-contrast: none) {\n  .gallery-carousel-shortcode.gallery-carousel-shortcode-id-cfc4d521a3740621d5a085ae1d681b8c .owl-nav a.owl-prev {\n    transform: translateY(-50%);\n    margin-top: 0px;\n  }\n}\n.gallery-carousel-shortcode.gallery-carousel-shortcode-id-cfc4d521a3740621d5a085ae1d681b8c .owl-nav a.owl-prev i {\n  padding: 0px 0px 0px 0px;\n}\n.gallery-carousel-shortcode.gallery-carousel-shortcode-id-cfc4d521a3740621d5a085ae1d681b8c .owl-nav a.owl-next {\n  top: 50%;\n  transform: translateY(calc(-50% + 0px));\n  right: 0px;\n}\n@media all and (-ms-high-contrast: none) {\n  .gallery-carousel-shortcode.gallery-carousel-shortcode-id-cfc4d521a3740621d5a085ae1d681b8c .owl-nav a.owl-next {\n    transform: translateY(-50%);\n    margin-top: 0px;\n  }\n}\n.gallery-carousel-shortcode.gallery-carousel-shortcode-id-cfc4d521a3740621d5a085ae1d681b8c .owl-nav a.owl-next i {\n  padding: 0px 0px 0px 0px;\n}\n.gallery-carousel-shortcode.gallery-carousel-shortcode-id-cfc4d521a3740621d5a085ae1d681b8c .owl-nav i {\n  font-size: 40px;\n}\n.gallery-carousel-shortcode.gallery-carousel-shortcode-id-cfc4d521a3740621d5a085ae1d681b8c .owl-nav a:not(:hover) i,\n.gallery-carousel-shortcode.gallery-carousel-shortcode-id-cfc4d521a3740621d5a085ae1d681b8c .owl-nav a:not(:hover) i:before {\n  color: #ffffff;\n  background: none;\n}\n.gallery-carousel-shortcode.gallery-carousel-shortcode-id-cfc4d521a3740621d5a085ae1d681b8c .owl-nav a:hover i,\n.gallery-carousel-shortcode.gallery-carousel-shortcode-id-cfc4d521a3740621d5a085ae1d681b8c .owl-nav a:hover i:before {\n  color: rgba(255,255,255,0.75);\n  background: none;\n}\n.gallery-carousel-shortcode.gallery-carousel-shortcode-id-cfc4d521a3740621d5a085ae1d681b8c .owl-dots {\n  top: calc(100% + 20px);\n  left: 50%;\n  transform: translateX(calc(-50% + 0px));\n}\n@media all and (-ms-high-contrast: none) {\n  .gallery-carousel-shortcode.gallery-carousel-shortcode-id-cfc4d521a3740621d5a085ae1d681b8c .owl-dots {\n    transform: translateX(-50%);\n    margin-left: 0px;\n  }\n}\n.gallery-carousel-shortcode.gallery-carousel-shortcode-id-cfc4d521a3740621d5a085ae1d681b8c .owl-dot {\n  width: 10px;\n  height: 10px;\n  margin: 0 8px;\n}\n@media screen and (max-width: 778px) {\n  .gallery-carousel-shortcode.gallery-carousel-shortcode-id-cfc4d521a3740621d5a085ae1d681b8c.hide-arrows .owl-nav a {\n    display: none;\n  }\n}\n@media screen and (max-width: 778px) {\n  .gallery-carousel-shortcode.gallery-carousel-shortcode-id-cfc4d521a3740621d5a085ae1d681b8c.reposition-arrows .owl-nav .owl-prev {\n    top: 50%;\n    transform: translateY(calc(-50% + 0px));\n    left: 10px;\n  }\n  .gallery-carousel-shortcode.gallery-carousel-shortcode-id-cfc4d521a3740621d5a085ae1d681b8c.reposition-arrows .owl-nav .owl-next {\n    top: 50%;\n    transform: translateY(calc(-50% + 0px));\n    right: 10px;\n  }\n}\n@media screen and (max-width: 778px) and all and (-ms-high-contrast: none) {\n  .gallery-carousel-shortcode.gallery-carousel-shortcode-id-cfc4d521a3740621d5a085ae1d681b8c.reposition-arrows .owl-nav .owl-prev {\n    transform: translateY(-50%);\n    margin-top: 0px;\n  }\n}\n@media screen and (max-width: 778px) and all and (-ms-high-contrast: none) {\n  .gallery-carousel-shortcode.gallery-carousel-shortcode-id-cfc4d521a3740621d5a085ae1d681b8c.reposition-arrows .owl-nav .owl-next {\n    transform: translateY(-50%);\n    margin-top: 0px;\n  }\n}\n.gallery-carousel-shortcode.gallery-carousel-shortcode-id-cfc4d521a3740621d5a085ae1d681b8c figure,\n.gallery-carousel-shortcode.gallery-carousel-shortcode-id-cfc4d521a3740621d5a085ae1d681b8c .rollover,\n.gallery-carousel-shortcode.gallery-carousel-shortcode-id-cfc4d521a3740621d5a085ae1d681b8c img,\n.gallery-carousel-shortcode.gallery-carousel-shortcode-id-cfc4d521a3740621d5a085ae1d681b8c .gallery-rollover {\n  border-radius: 0px;\n}\n.gallery-carousel-shortcode.gallery-carousel-shortcode-id-cfc4d521a3740621d5a085ae1d681b8c.enable-bg-rollover .gallery-rollover {\n  background: -webkit-linear-gradient();\n  background: linear-gradient();\n}\n.gallery-carousel-shortcode.gallery-carousel-shortcode-id-cfc4d521a3740621d5a085ae1d681b8c.enable-img-shadow .owl-stage-outer {\n  padding: 4px 0;\n}\n.gallery-carousel-shortcode.gallery-carousel-shortcode-id-cfc4d521a3740621d5a085ae1d681b8c.enable-bg-rollover.hover-scale figure .rollover:after {\n  background: -webkit-linear-gradient();\n  background: linear-gradient();\n}\n.gallery-carousel-shortcode.gallery-carousel-shortcode-id-cfc4d521a3740621d5a085ae1d681b8c.gallery-shortcode .gallery-zoom-ico {\n  width: 44px;\n  height: 44px;\n  line-height: 44px;\n  border-radius: 100px;\n  margin: -22px 0 0 -22px;\n  border-width: 0px;\n}\n.dt-icon-bg-on.gallery-carousel-shortcode.gallery-carousel-shortcode-id-cfc4d521a3740621d5a085ae1d681b8c.gallery-shortcode .gallery-zoom-ico {\n  background: rgba(255,255,255,0.3);\n  box-shadow: none;\n}\n.gallery-carousel-shortcode.gallery-carousel-shortcode-id-cfc4d521a3740621d5a085ae1d681b8c.gallery-shortcode .gallery-zoom-ico:before,\n.gallery-carousel-shortcode.gallery-carousel-shortcode-id-cfc4d521a3740621d5a085ae1d681b8c.gallery-shortcode .gallery-zoom-ico span {\n  font-size: 32px;\n  line-height: 44px;\n  color: #ffffff;\n  background: none;\n}\n<\/style><div class=\"owl-carousel gallery-carousel-shortcode gallery-shortcode  dt-gallery-container dt-owl-carousel-call gallery-carousel-shortcode-id-cfc4d521a3740621d5a085ae1d681b8c meta-info-off dt-arrow-border-on bullets-small-dot-stroke reposition-arrows dt-icon-bg-off arrows-bg-off disable-arrows-hover-bg arrows-hover-bg-off  hover-fade \" data-scroll-mode=\"1\" data-col-num=\"1\" data-wide-col-num=\"1\" data-laptop-col=\"1\" data-h-tablet-columns-num=\"1\" data-v-tablet-columns-num=\"1\" data-phone-columns-num=\"1\" data-col-gap=\"0\" data-stage-padding=\"0\" data-speed=\"600\" data-autoplay=\"true\" data-autoplay_speed=\"6000\" data-arrows=\"true\" data-bullet=\"false\" data-next-icon=\"icon-ar-023-r\" data-prev-icon=\"icon-ar-023-l\" data-img-shadow-size=\"12px\" data-img-shadow-spread=\"3px\"><div data-post-id=\"673\" data-date=\"2023-01-31T10:12:43-03:00\" data-name=\"Quincho con Parrlla\"><figure class=\"post\"><a href=\"https:\/\/www.skisur.com\/nueva\/wp-content\/uploads\/2023\/01\/quincho1.jpg\" class=\"rollover dt-pswp-item layzr-bg\" data-large_image_width=\"800\" data-large_image_height=\"600\" data-dt-img-description=\"\" title=\"Quincho con Parrlla\"><img class=\"preload-me owl-lazy-load\" src=\"data:image\/svg+xml,%3Csvg%20xmlns%3D&#39;http%3A%2F%2Fwww.w3.org%2F2000%2Fsvg&#39;%20viewBox%3D&#39;0%200%20800%20600&#39;%2F%3E\" data-src=\"https:\/\/www.skisur.com\/nueva\/wp-content\/uploads\/2023\/01\/quincho1.jpg\" data-srcset=\"https:\/\/www.skisur.com\/nueva\/wp-content\/uploads\/2023\/01\/quincho1.jpg 800w\" alt=\"\" width=\"800\" height=\"600\"  \/><span class=\"gallery-rollover\"><\/span><\/a><\/figure><\/div><div data-post-id=\"670\" data-date=\"2023-01-31T10:12:40-03:00\" data-name=\"Quincho con Parrilla\"><figure class=\"post\"><a href=\"https:\/\/www.skisur.com\/nueva\/wp-content\/uploads\/2023\/01\/IMG_8711.jpg\" class=\"rollover dt-pswp-item layzr-bg\" data-large_image_width=\"800\" data-large_image_height=\"600\" data-dt-img-description=\"\" title=\"Quincho con Parrilla\"><img class=\"preload-me owl-lazy-load\" src=\"data:image\/svg+xml,%3Csvg%20xmlns%3D&#39;http%3A%2F%2Fwww.w3.org%2F2000%2Fsvg&#39;%20viewBox%3D&#39;0%200%20800%20600&#39;%2F%3E\" data-src=\"https:\/\/www.skisur.com\/nueva\/wp-content\/uploads\/2023\/01\/IMG_8711.jpg\" data-srcset=\"https:\/\/www.skisur.com\/nueva\/wp-content\/uploads\/2023\/01\/IMG_8711.jpg 800w\" alt=\"\" width=\"800\" height=\"600\"  \/><span class=\"gallery-rollover\"><\/span><\/a><\/figure><\/div><div data-post-id=\"667\" data-date=\"2023-01-31T10:12:39-03:00\" data-name=\"Quincho con Parrilla\"><figure class=\"post\"><a href=\"https:\/\/www.skisur.com\/nueva\/wp-content\/uploads\/2023\/01\/IMG_8706.jpg\" class=\"rollover dt-pswp-item layzr-bg\" data-large_image_width=\"800\" data-large_image_height=\"600\" data-dt-img-description=\"\" title=\"Quincho con Parrilla\"><img class=\"preload-me owl-lazy-load\" src=\"data:image\/svg+xml,%3Csvg%20xmlns%3D&#39;http%3A%2F%2Fwww.w3.org%2F2000%2Fsvg&#39;%20viewBox%3D&#39;0%200%20800%20600&#39;%2F%3E\" data-src=\"https:\/\/www.skisur.com\/nueva\/wp-content\/uploads\/2023\/01\/IMG_8706.jpg\" data-srcset=\"https:\/\/www.skisur.com\/nueva\/wp-content\/uploads\/2023\/01\/IMG_8706.jpg 800w\" alt=\"\" width=\"800\" height=\"600\"  \/><span class=\"gallery-rollover\"><\/span><\/a><\/figure><\/div><div data-post-id=\"664\" data-date=\"2023-01-31T10:12:37-03:00\" data-name=\"Quincho con Parrilla\"><figure class=\"post\"><a href=\"https:\/\/www.skisur.com\/nueva\/wp-content\/uploads\/2023\/01\/IMG_8704.jpg\" class=\"rollover dt-pswp-item layzr-bg\" data-large_image_width=\"800\" data-large_image_height=\"600\" data-dt-img-description=\"\" title=\"Quincho con Parrilla\"><img class=\"preload-me owl-lazy-load\" src=\"data:image\/svg+xml,%3Csvg%20xmlns%3D&#39;http%3A%2F%2Fwww.w3.org%2F2000%2Fsvg&#39;%20viewBox%3D&#39;0%200%20800%20600&#39;%2F%3E\" data-src=\"https:\/\/www.skisur.com\/nueva\/wp-content\/uploads\/2023\/01\/IMG_8704.jpg\" data-srcset=\"https:\/\/www.skisur.com\/nueva\/wp-content\/uploads\/2023\/01\/IMG_8704.jpg 800w\" alt=\"\" width=\"800\" height=\"600\"  \/><span class=\"gallery-rollover\"><\/span><\/a><\/figure><\/div><div data-post-id=\"661\" data-date=\"2023-01-31T10:12:33-03:00\" data-name=\"Quincho con parrilla\"><figure class=\"post\"><a href=\"https:\/\/www.skisur.com\/nueva\/wp-content\/uploads\/2023\/01\/IMG_8702.jpg\" class=\"rollover dt-pswp-item layzr-bg\" data-large_image_width=\"800\" data-large_image_height=\"600\" data-dt-img-description=\"\" title=\"Quincho con parrilla\"><img class=\"preload-me owl-lazy-load\" src=\"data:image\/svg+xml,%3Csvg%20xmlns%3D&#39;http%3A%2F%2Fwww.w3.org%2F2000%2Fsvg&#39;%20viewBox%3D&#39;0%200%20800%20600&#39;%2F%3E\" data-src=\"https:\/\/www.skisur.com\/nueva\/wp-content\/uploads\/2023\/01\/IMG_8702.jpg\" data-srcset=\"https:\/\/www.skisur.com\/nueva\/wp-content\/uploads\/2023\/01\/IMG_8702.jpg 800w\" alt=\"\" width=\"800\" height=\"600\"  \/><span class=\"gallery-rollover\"><\/span><\/a><\/figure><\/div><\/div>[\/vc_column][vc_column width=&#8221;1\/2&#8243;][vc_column_text el_class=&#8221;interna2&#8243;]No Ski Sur, lhe oferecemos os seguintes servi\u00e7os:<\/p>\n<ul>\n<li>Rede WI FI sem custo adicional em todo o complexo.<\/li>\n<li>Servi\u00e7o de limpeza limitado e roupa de cama.<\/li>\n<li>Playgroud.<\/li>\n<li>Estacionamento pr\u00f3prio.<\/li>\n<li>Ber\u00e7o, cadeirinha de comer e banheira de beb\u00ea.<\/li>\n<li>Grupo electrog\u00e9neo.<\/li>\n<li>Assessoramento e informa\u00e7\u00e3o tur\u00edstica.<\/li>\n<\/ul>\n<p><strong>SERVI\u00c7OS COM CUSTO ADICIONAL:<\/strong><\/p>\n<ul>\n<li>Transfer in\/out.<\/li>\n<li>Servi\u00e7o de lavanderia.<\/li>\n<li>\u00c1rea de churrasco com churrasqueira<\/li>\n<li>Servi\u00e7o de bab\u00e1.<\/li>\n<\/ul>\n<p><strong>EXCLUSIVO SERVI\u00c7O DE VALET SHOPPING<\/strong><br \/>\n\u00c9 s\u00f3 voc\u00eas enviarem por e-mail a lista de compras do supermercado, que n\u00f3s a fazemos e arrumamos tudo certinho na geladeira e no arm\u00e1rio,para que esteja pronto no dia da chegada. O pre\u00e7o deste servi\u00e7o corresponde a 15% do valor da compra.[\/vc_column_text][\/vc_column][\/vc_row]<\/p>\n","protected":false},"excerpt":{"rendered":"<p>[vc_row type=&#8221;vc_default&#8221; gap=&#8221;30&#8243;][vc_column width=&#8221;1\/2&#8243;][\/vc_column][vc_column width=&#8221;1\/2&#8243;][vc_column_text el_class=&#8221;interna2&#8243;]No Ski Sur, lhe oferecemos os seguintes servi\u00e7os: Rede WI FI sem custo adicional em todo o complexo. Servi\u00e7o de limpeza limitado e roupa de cama. Playgroud. Estacionamento pr\u00f3prio. Ber\u00e7o, cadeirinha de comer e banheira de beb\u00ea. Grupo electrog\u00e9neo. Assessoramento e informa\u00e7\u00e3o tur\u00edstica. SERVI\u00c7OS COM CUSTO ADICIONAL: Transfer in\/out. Servi\u00e7o&hellip;<\/p>\n","protected":false},"author":1,"featured_media":0,"parent":0,"menu_order":0,"comment_status":"closed","ping_status":"closed","template":"","meta":[],"yoast_head":"<!-- This site is optimized with the Yoast SEO plugin v15.4 - https:\/\/yoast.com\/wordpress\/plugins\/seo\/ -->\n<title>Servi\u00e7os - Ski Sur | Departamentos en el Cerro Catedral<\/title>\n<meta name=\"robots\" content=\"index, follow, max-snippet:-1, max-image-preview:large, max-video-preview:-1\" \/>\n<link rel=\"canonical\" href=\"https:\/\/www.skisur.com\/pt-br\/servicios\/\" \/>\n<meta property=\"og:locale\" content=\"pt_BR\" \/>\n<meta property=\"og:type\" content=\"article\" \/>\n<meta property=\"og:title\" content=\"Servi\u00e7os - Ski Sur | Departamentos en el Cerro Catedral\" \/>\n<meta property=\"og:description\" content=\"[vc_row type=&#8221;vc_default&#8221; gap=&#8221;30&#8243;][vc_column width=&#8221;1\/2&#8243;][\/vc_column][vc_column width=&#8221;1\/2&#8243;][vc_column_text el_class=&#8221;interna2&#8243;]No Ski Sur, lhe oferecemos os seguintes servi\u00e7os: Rede WI FI sem custo adicional em todo o complexo. Servi\u00e7o de limpeza limitado e roupa de cama. Playgroud. Estacionamento pr\u00f3prio. Ber\u00e7o, cadeirinha de comer e banheira de beb\u00ea. Grupo electrog\u00e9neo. Assessoramento e informa\u00e7\u00e3o tur\u00edstica. SERVI\u00c7OS COM CUSTO ADICIONAL: Transfer in\/out. Servi\u00e7o&hellip;\" \/>\n<meta property=\"og:url\" content=\"https:\/\/www.skisur.com\/pt-br\/servicios\/\" \/>\n<meta property=\"og:site_name\" content=\"Ski Sur | Departamentos en el Cerro Catedral\" \/>\n<meta property=\"article:modified_time\" content=\"2024-12-18T19:15:00+00:00\" \/>\n<meta name=\"twitter:card\" content=\"summary_large_image\" \/>\n<meta name=\"twitter:label1\" content=\"Written by\">\n\t<meta name=\"twitter:data1\" content=\"MAndrade\">\n\t<meta name=\"twitter:label2\" content=\"Est. reading time\">\n\t<meta name=\"twitter:data2\" content=\"1 minuto\">\n<script type=\"application\/ld+json\" class=\"yoast-schema-graph\">{\"@context\":\"https:\/\/schema.org\",\"@graph\":[{\"@type\":\"WebSite\",\"@id\":\"https:\/\/www.skisur.com\/#website\",\"url\":\"https:\/\/www.skisur.com\/\",\"name\":\"Ski Sur | Departamentos en el Cerro Catedral\",\"description\":\"\",\"potentialAction\":[{\"@type\":\"SearchAction\",\"target\":\"https:\/\/www.skisur.com\/?s={search_term_string}\",\"query-input\":\"required name=search_term_string\"}],\"inLanguage\":\"pt-BR\"},{\"@type\":\"WebPage\",\"@id\":\"https:\/\/www.skisur.com\/pt-br\/servicios\/#webpage\",\"url\":\"https:\/\/www.skisur.com\/pt-br\/servicios\/\",\"name\":\"Servi\\u00e7os - Ski Sur | Departamentos en el Cerro Catedral\",\"isPartOf\":{\"@id\":\"https:\/\/www.skisur.com\/#website\"},\"datePublished\":\"2020-12-04T18:36:48+00:00\",\"dateModified\":\"2024-12-18T19:15:00+00:00\",\"inLanguage\":\"pt-BR\",\"potentialAction\":[{\"@type\":\"ReadAction\",\"target\":[\"https:\/\/www.skisur.com\/pt-br\/servicios\/\"]}]}]}<\/script>\n<!-- \/ Yoast SEO plugin. -->","_links":{"self":[{"href":"https:\/\/www.skisur.com\/pt-br\/wp-json\/wp\/v2\/pages\/501"}],"collection":[{"href":"https:\/\/www.skisur.com\/pt-br\/wp-json\/wp\/v2\/pages"}],"about":[{"href":"https:\/\/www.skisur.com\/pt-br\/wp-json\/wp\/v2\/types\/page"}],"author":[{"embeddable":true,"href":"https:\/\/www.skisur.com\/pt-br\/wp-json\/wp\/v2\/users\/1"}],"replies":[{"embeddable":true,"href":"https:\/\/www.skisur.com\/pt-br\/wp-json\/wp\/v2\/comments?post=501"}],"version-history":[{"count":0,"href":"https:\/\/www.skisur.com\/pt-br\/wp-json\/wp\/v2\/pages\/501\/revisions"}],"wp:attachment":[{"href":"https:\/\/www.skisur.com\/pt-br\/wp-json\/wp\/v2\/media?parent=501"}],"curies":[{"name":"wp","href":"https:\/\/api.w.org\/{rel}","templated":true}]}}