{"id":524,"date":"2020-12-07T13:22:45","date_gmt":"2020-12-07T16:22:45","guid":{"rendered":"http:\/\/www.skisur.com\/nueva\/superior\/"},"modified":"2024-12-18T16:06:40","modified_gmt":"2024-12-18T19:06:40","slug":"superior","status":"publish","type":"page","link":"https:\/\/www.skisur.com\/pt-br\/superior\/","title":{"rendered":"Superior"},"content":{"rendered":"<p>[vc_row][vc_column][layerslider_vc id=&#8221;4&#8243;][\/vc_column][\/vc_row][vc_row][vc_column]<div id=\"ultimate-heading-481069d8d247bc739\" class=\"uvc-heading ult-adjust-bottom-margin ultimate-heading-481069d8d247bc739 uvc-7375 \" data-hspacer=\"no_spacer\"  data-halign=\"center\" style=\"text-align:center\"><div class=\"uvc-heading-spacer no_spacer\" style=\"top\"><\/div><div class=\"uvc-main-heading ult-responsive\"  data-ultimate-target='.uvc-heading.ultimate-heading-481069d8d247bc739 h2'  data-responsive-json-new='{\"font-size\":\"desktop:35px;\",\"line-height\":\"\"}' ><h2 style=\"font-family:&#039;Roboto&#039;;font-weight:300;color:#ffffff;margin-top:20px;\">SUPERIOR<\/h2><\/div><div class=\"uvc-sub-heading ult-responsive\"  data-ultimate-target='.uvc-heading.ultimate-heading-481069d8d247bc739 .uvc-sub-heading '  data-responsive-json-new='{\"font-size\":\"desktop:25px;\",\"line-height\":\"\"}'  style=\"font-family:&#039;Roboto&#039;;font-weight:300;color:#a9a9a9;\">Para 5\/6 pessoas<\/div><\/div><div class=\"ult-spacer spacer-69d8d247bc7ad\" data-id=\"69d8d247bc7ad\" data-height=\"30\" data-height-mobile=\"30\" data-height-tab=\"30\" data-height-tab-portrait=\"\" data-height-mobile-landscape=\"\" style=\"clear:both;display:block;\"><\/div>[vc_row_inner][vc_column_inner width=&#8221;1\/6&#8243;][\/vc_column_inner][vc_column_inner width=&#8221;2\/3&#8243;][vc_column_text el_class=&#8221;interna&#8221;]<\/p>\n<p style=\"text-align: center;\">S\u00e3o dois quartos de 70 mts2. O primeiro tem uma cama de casal com colch\u00e3o sommier, e banheiro su\u00edte com hidromassagem. No segundo, h\u00e1 uma cama de casal com colch\u00e3o sommier e mais duas camas de solteiro com colch\u00e3o sommier de 0,90 x 1,90 cada uma. Banheiro completo. A sala conta com um sof\u00e1-cama e mesa para 6 pessoas. Smart TV 40\u201d, TV por sat\u00e9lite, rede WI FI, aquecimento central e duplo vidro nas janelas s\u00e3o as amenidadesdeste apartamento Superior. A cozinha \u00e9 completa, com geladeira e freezer, micro-ondas, m\u00e1quina de caf\u00e9 e torradeira.<\/p>\n<div class=\"gap\" style=\"line-height: 30px; height: 30px;\"><\/div>\n<h6 style=\"text-align: center;\"><span style=\"color: #999999;\">As Imagens mostradas s\u00e3o de um dos condom\u00ednios , n\u00e3o pode ou n\u00e3o haver diferen\u00e7as com o condom\u00ednio reservado. * Apesar de todas as unidades s\u00e3o semelhantes eles n\u00e3o s\u00e3o id\u00eanticos *<\/span><\/h6>\n<p>[\/vc_column_text][\/vc_column_inner][vc_column_inner width=&#8221;1\/6&#8243;][\/vc_column_inner][\/vc_row_inner][\/vc_column][\/vc_row][vc_row type=&#8221;vc_default&#8221; css=&#8221;.vc_custom_1607113721848{margin-top: 30px !important;}&#8221;][vc_column width=&#8221;1\/6&#8243;][\/vc_column][vc_column width=&#8221;2\/3&#8243;][vc_custom_heading text=&#8221;MAIS OP\u00c7\u00d5ES PARA A SUA ACCOMODA\u00c7\u00c3O&#8221; font_container=&#8221;tag:h2|font_size:30|text_align:center|color:%23ffffff&#8221; google_fonts=&#8221;font_family:Roboto%3A100%2C100italic%2C300%2C300italic%2Cregular%2Citalic%2C500%2C500italic%2C700%2C700italic%2C900%2C900italic|font_style:100%20light%20regular%3A100%3Anormal&#8221;][\/vc_column][vc_column width=&#8221;1\/6&#8243;][\/vc_column][\/vc_row][vc_row type=&#8221;vc_default&#8221; css=&#8221;.vc_custom_1607113990345{margin-top: 40px !important;}&#8221;][vc_column width=&#8221;1\/5&#8243;]<style type=\"text\/css\" data-type=\"the7_shortcodes-inline-css\">.shortcode-single-image-wrap.shortcode-single-image-eb40e873801a04584e708e2c469e3a04.enable-bg-rollover .rollover i,\n.shortcode-single-image-wrap.shortcode-single-image-eb40e873801a04584e708e2c469e3a04.enable-bg-rollover .rollover-video i {\n  background: rgba(52,3,7,0.42);\n  box-shadow: none;\n  background: -webkit-linear-gradient();\n  background: linear-gradient();\n}\n.shortcode-single-image-wrap.shortcode-single-image-eb40e873801a04584e708e2c469e3a04 .rollover-icon {\n  font-size: 44px;\n  color: #ffffff;\n  min-width: 44px;\n  min-height: 44px;\n  line-height: 44px;\n  border-radius: 100px;\n  border-style: solid;\n  border-width: 0px;\n}\n.dt-icon-bg-on.shortcode-single-image-wrap.shortcode-single-image-eb40e873801a04584e708e2c469e3a04 .rollover-icon {\n  background: rgba(255,255,255,0.3);\n  box-shadow: none;\n}\n<\/style><div class=\"shortcode-single-image-wrap shortcode-single-image-eb40e873801a04584e708e2c469e3a04 alignnone  enable-bg-rollover dt-icon-bg-off\" style=\"margin-top:0px; margin-bottom:0px; margin-left:0px; margin-right:0px;\"><div class=\"shortcode-single-image borde-home\"><div class=\"fancy-media-wrap\" style=\"\"><a href=\"\/pt-br\/studio\/\" class=\" layzr-bg rollover\" style=\"\" aria-label=\"Image\"><img class=\"preload-me lazy-load\" src=\"data:image\/svg+xml,%3Csvg%20xmlns%3D&#39;http%3A%2F%2Fwww.w3.org%2F2000%2Fsvg&#39;%20viewBox%3D&#39;0%200%20800%20500&#39;%2F%3E\" data-src=\"https:\/\/www.skisur.com\/nueva\/wp-content\/uploads\/2024\/12\/dest.jpg\" data-srcset=\"https:\/\/www.skisur.com\/nueva\/wp-content\/uploads\/2024\/12\/dest.jpg 800w\" width=\"800\" height=\"500\"  data-dt-location=\"https:\/\/www.skisur.com\/pt-br\/inicio\/dest-2\/\" alt=\"\" \/><span class=\"rollover-icon icomoon-the7-font-the7-plus-04\"><\/span><\/a><\/div><\/div><\/div><div id=\"ultimate-heading-770969d8d247bd830\" class=\"uvc-heading ult-adjust-bottom-margin ultimate-heading-770969d8d247bd830 uvc-4080 \" data-hspacer=\"no_spacer\"  data-halign=\"center\" style=\"text-align:center\"><div class=\"uvc-heading-spacer no_spacer\" style=\"top\"><\/div><div class=\"uvc-main-heading ult-responsive\"  data-ultimate-target='.uvc-heading.ultimate-heading-770969d8d247bd830 h2'  data-responsive-json-new='{\"font-size\":\"desktop:20px;\",\"line-height\":\"\"}' ><h2 style=\"font-family:&#039;Roboto&#039;;font-weight:300;color:#ffffff;margin-top:20px;\">STUDIO<\/h2><\/div><div class=\"uvc-sub-heading ult-responsive\"  data-ultimate-target='.uvc-heading.ultimate-heading-770969d8d247bd830 .uvc-sub-heading '  data-responsive-json-new='{\"font-size\":\"desktop:16px;\",\"line-height\":\"\"}'  style=\"font-family:&#039;Roboto&#039;;font-weight:300;color:#a9a9a9;\">2\/3 pessoas<\/div><\/div><div class=\"ult-spacer spacer-69d8d247bd87f\" data-id=\"69d8d247bd87f\" data-height=\"0\" data-height-mobile=\"20\" data-height-tab=\"\" data-height-tab-portrait=\"\" data-height-mobile-landscape=\"\" style=\"clear:both;display:block;\"><\/div>[\/vc_column][vc_column width=&#8221;1\/5&#8243;]<style type=\"text\/css\" data-type=\"the7_shortcodes-inline-css\">.shortcode-single-image-wrap.shortcode-single-image-8f50d01566fbfbc4d0bbaeb4b57eeffd.enable-bg-rollover .rollover i,\n.shortcode-single-image-wrap.shortcode-single-image-8f50d01566fbfbc4d0bbaeb4b57eeffd.enable-bg-rollover .rollover-video i {\n  background: rgba(52,3,7,0.42);\n  box-shadow: none;\n  background: -webkit-linear-gradient();\n  background: linear-gradient();\n}\n.shortcode-single-image-wrap.shortcode-single-image-8f50d01566fbfbc4d0bbaeb4b57eeffd .rollover-icon {\n  font-size: 44px;\n  color: #ffffff;\n  min-width: 44px;\n  min-height: 44px;\n  line-height: 44px;\n  border-radius: 100px;\n  border-style: solid;\n  border-width: 0px;\n}\n.dt-icon-bg-on.shortcode-single-image-wrap.shortcode-single-image-8f50d01566fbfbc4d0bbaeb4b57eeffd .rollover-icon {\n  background: rgba(255,255,255,0.3);\n  box-shadow: none;\n}\n<\/style><div class=\"shortcode-single-image-wrap shortcode-single-image-8f50d01566fbfbc4d0bbaeb4b57eeffd alignnone  enable-bg-rollover dt-icon-bg-off\" style=\"margin-top:0px; margin-bottom:0px; margin-left:0px; margin-right:0px;\"><div class=\"shortcode-single-image borde-home\"><div class=\"fancy-media-wrap\" style=\"\"><a href=\"\/pt-br\/suite\/\" class=\" layzr-bg rollover\" style=\"\" aria-label=\"Image\"><img class=\"preload-me lazy-load\" src=\"data:image\/svg+xml,%3Csvg%20xmlns%3D&#39;http%3A%2F%2Fwww.w3.org%2F2000%2Fsvg&#39;%20viewBox%3D&#39;0%200%201920%20800&#39;%2F%3E\" data-src=\"https:\/\/www.skisur.com\/nueva\/wp-content\/uploads\/2024\/12\/DSC02177.jpg\" data-srcset=\"https:\/\/www.skisur.com\/nueva\/wp-content\/uploads\/2024\/12\/DSC02177.jpg 1920w\" width=\"1920\" height=\"800\"  data-dt-location=\"https:\/\/www.skisur.com\/pt-br\/dsc02177-2\/\" alt=\"\" \/><span class=\"rollover-icon icomoon-the7-font-the7-plus-04\"><\/span><\/a><\/div><\/div><\/div><div id=\"ultimate-heading-160469d8d247be246\" class=\"uvc-heading ult-adjust-bottom-margin ultimate-heading-160469d8d247be246 uvc-4625 \" data-hspacer=\"no_spacer\"  data-halign=\"center\" style=\"text-align:center\"><div class=\"uvc-heading-spacer no_spacer\" style=\"top\"><\/div><div class=\"uvc-main-heading ult-responsive\"  data-ultimate-target='.uvc-heading.ultimate-heading-160469d8d247be246 h2'  data-responsive-json-new='{\"font-size\":\"desktop:20px;\",\"line-height\":\"\"}' ><h2 style=\"font-family:&#039;Roboto&#039;;font-weight:300;color:#ffffff;margin-top:20px;\">SUITE<\/h2><\/div><div class=\"uvc-sub-heading ult-responsive\"  data-ultimate-target='.uvc-heading.ultimate-heading-160469d8d247be246 .uvc-sub-heading '  data-responsive-json-new='{\"font-size\":\"desktop:16px;\",\"line-height\":\"\"}'  style=\"font-family:&#039;Roboto&#039;;font-weight:300;color:#a9a9a9;\">4 pessoas<\/div><\/div><div class=\"ult-spacer spacer-69d8d247be299\" data-id=\"69d8d247be299\" data-height=\"0\" data-height-mobile=\"20\" data-height-tab=\"\" data-height-tab-portrait=\"\" data-height-mobile-landscape=\"\" style=\"clear:both;display:block;\"><\/div>[\/vc_column][vc_column width=&#8221;1\/5&#8243;]<style type=\"text\/css\" data-type=\"the7_shortcodes-inline-css\">.shortcode-single-image-wrap.shortcode-single-image-c916915a16d70867ab49c1af69cd45ce.enable-bg-rollover .rollover i,\n.shortcode-single-image-wrap.shortcode-single-image-c916915a16d70867ab49c1af69cd45ce.enable-bg-rollover .rollover-video i {\n  background: rgba(52,3,7,0.42);\n  box-shadow: none;\n  background: -webkit-linear-gradient();\n  background: linear-gradient();\n}\n.shortcode-single-image-wrap.shortcode-single-image-c916915a16d70867ab49c1af69cd45ce .rollover-icon {\n  font-size: 44px;\n  color: #ffffff;\n  min-width: 44px;\n  min-height: 44px;\n  line-height: 44px;\n  border-radius: 100px;\n  border-style: solid;\n  border-width: 0px;\n}\n.dt-icon-bg-on.shortcode-single-image-wrap.shortcode-single-image-c916915a16d70867ab49c1af69cd45ce .rollover-icon {\n  background: rgba(255,255,255,0.3);\n  box-shadow: none;\n}\n<\/style><div class=\"shortcode-single-image-wrap shortcode-single-image-c916915a16d70867ab49c1af69cd45ce alignnone  enable-bg-rollover dt-icon-bg-off\" style=\"margin-top:0px; margin-bottom:0px; margin-left:0px; margin-right:0px;\"><div class=\"shortcode-single-image borde-home\"><div class=\"fancy-media-wrap\" style=\"\"><a href=\"\/pt-br\/superior\/\" class=\" layzr-bg rollover\" style=\"\" aria-label=\"Image\"><img class=\"preload-me lazy-load\" src=\"data:image\/svg+xml,%3Csvg%20xmlns%3D&#39;http%3A%2F%2Fwww.w3.org%2F2000%2Fsvg&#39;%20viewBox%3D&#39;0%200%20800%20500&#39;%2F%3E\" data-src=\"https:\/\/www.skisur.com\/nueva\/wp-content\/uploads\/2024\/12\/dest-2.jpg\" data-srcset=\"https:\/\/www.skisur.com\/nueva\/wp-content\/uploads\/2024\/12\/dest-2.jpg 800w\" width=\"800\" height=\"500\"  data-dt-location=\"https:\/\/www.skisur.com\/pt-br\/inicio\/dest-3-2\/\" alt=\"\" \/><span class=\"rollover-icon icomoon-the7-font-the7-plus-04\"><\/span><\/a><\/div><\/div><\/div><div id=\"ultimate-heading-12369d8d247bebe0\" class=\"uvc-heading ult-adjust-bottom-margin ultimate-heading-12369d8d247bebe0 uvc-286 \" data-hspacer=\"no_spacer\"  data-halign=\"center\" style=\"text-align:center\"><div class=\"uvc-heading-spacer no_spacer\" style=\"top\"><\/div><div class=\"uvc-main-heading ult-responsive\"  data-ultimate-target='.uvc-heading.ultimate-heading-12369d8d247bebe0 h2'  data-responsive-json-new='{\"font-size\":\"desktop:20px;\",\"line-height\":\"\"}' ><h2 style=\"font-family:&#039;Roboto&#039;;font-weight:300;color:#ffffff;margin-top:20px;\">SUPERIOR<\/h2><\/div><div class=\"uvc-sub-heading ult-responsive\"  data-ultimate-target='.uvc-heading.ultimate-heading-12369d8d247bebe0 .uvc-sub-heading '  data-responsive-json-new='{\"font-size\":\"desktop:16px;\",\"line-height\":\"\"}'  style=\"font-family:&#039;Roboto&#039;;font-weight:300;color:#a9a9a9;\">5\/6 pessoas<\/div><\/div><div class=\"ult-spacer spacer-69d8d247bec2b\" data-id=\"69d8d247bec2b\" data-height=\"0\" data-height-mobile=\"20\" data-height-tab=\"\" data-height-tab-portrait=\"\" data-height-mobile-landscape=\"\" style=\"clear:both;display:block;\"><\/div>[\/vc_column][vc_column width=&#8221;1\/5&#8243;]<style type=\"text\/css\" data-type=\"the7_shortcodes-inline-css\">.shortcode-single-image-wrap.shortcode-single-image-d50bda5e62855129f58508ba48304051.enable-bg-rollover .rollover i,\n.shortcode-single-image-wrap.shortcode-single-image-d50bda5e62855129f58508ba48304051.enable-bg-rollover .rollover-video i {\n  background: rgba(52,3,7,0.42);\n  box-shadow: none;\n  background: -webkit-linear-gradient();\n  background: linear-gradient();\n}\n.shortcode-single-image-wrap.shortcode-single-image-d50bda5e62855129f58508ba48304051 .rollover-icon {\n  font-size: 44px;\n  color: #ffffff;\n  min-width: 44px;\n  min-height: 44px;\n  line-height: 44px;\n  border-radius: 100px;\n  border-style: solid;\n  border-width: 0px;\n}\n.dt-icon-bg-on.shortcode-single-image-wrap.shortcode-single-image-d50bda5e62855129f58508ba48304051 .rollover-icon {\n  background: rgba(255,255,255,0.3);\n  box-shadow: none;\n}\n<\/style><div class=\"shortcode-single-image-wrap shortcode-single-image-d50bda5e62855129f58508ba48304051 alignnone  enable-bg-rollover dt-icon-bg-off\" style=\"margin-top:0px; margin-bottom:0px; margin-left:0px; margin-right:0px;\"><div class=\"shortcode-single-image borde-home\"><div class=\"fancy-media-wrap\" style=\"\"><a href=\"\/pt-br\/residencia\/\" class=\" layzr-bg rollover\" style=\"\" aria-label=\"Image\"><img class=\"preload-me lazy-load\" src=\"data:image\/svg+xml,%3Csvg%20xmlns%3D&#39;http%3A%2F%2Fwww.w3.org%2F2000%2Fsvg&#39;%20viewBox%3D&#39;0%200%20800%20500&#39;%2F%3E\" data-src=\"https:\/\/www.skisur.com\/nueva\/wp-content\/uploads\/2024\/12\/dest-3.jpg\" data-srcset=\"https:\/\/www.skisur.com\/nueva\/wp-content\/uploads\/2024\/12\/dest-3.jpg 800w\" width=\"800\" height=\"500\"  data-dt-location=\"https:\/\/www.skisur.com\/pt-br\/inicio\/dest-4-2\/\" alt=\"\" \/><span class=\"rollover-icon icomoon-the7-font-the7-plus-04\"><\/span><\/a><\/div><\/div><\/div><div id=\"ultimate-heading-948069d8d247bf5a7\" class=\"uvc-heading ult-adjust-bottom-margin ultimate-heading-948069d8d247bf5a7 uvc-3889 \" data-hspacer=\"no_spacer\"  data-halign=\"center\" style=\"text-align:center\"><div class=\"uvc-heading-spacer no_spacer\" style=\"top\"><\/div><div class=\"uvc-main-heading ult-responsive\"  data-ultimate-target='.uvc-heading.ultimate-heading-948069d8d247bf5a7 h2'  data-responsive-json-new='{\"font-size\":\"desktop:20px;\",\"line-height\":\"\"}' ><h2 style=\"font-family:&#039;Roboto&#039;;font-weight:300;color:#ffffff;margin-top:20px;\">RESIDENCIA<\/h2><\/div><div class=\"uvc-sub-heading ult-responsive\"  data-ultimate-target='.uvc-heading.ultimate-heading-948069d8d247bf5a7 .uvc-sub-heading '  data-responsive-json-new='{\"font-size\":\"desktop:16px;\",\"line-height\":\"\"}'  style=\"font-family:&#039;Roboto&#039;;font-weight:300;color:#a9a9a9;\">7\/8 pessoas<\/div><\/div><div class=\"ult-spacer spacer-69d8d247bf5ef\" data-id=\"69d8d247bf5ef\" data-height=\"0\" data-height-mobile=\"20\" data-height-tab=\"\" data-height-tab-portrait=\"\" data-height-mobile-landscape=\"\" style=\"clear:both;display:block;\"><\/div>[\/vc_column][vc_column width=&#8221;1\/5&#8243;]<style type=\"text\/css\" data-type=\"the7_shortcodes-inline-css\">.shortcode-single-image-wrap.shortcode-single-image-30a0f2b484da14e2a3ffeb5a60a499f2.enable-bg-rollover .rollover i,\n.shortcode-single-image-wrap.shortcode-single-image-30a0f2b484da14e2a3ffeb5a60a499f2.enable-bg-rollover .rollover-video i {\n  background: rgba(52,3,7,0.42);\n  box-shadow: none;\n  background: -webkit-linear-gradient();\n  background: linear-gradient();\n}\n.shortcode-single-image-wrap.shortcode-single-image-30a0f2b484da14e2a3ffeb5a60a499f2 .rollover-icon {\n  font-size: 44px;\n  color: #ffffff;\n  min-width: 44px;\n  min-height: 44px;\n  line-height: 44px;\n  border-radius: 100px;\n  border-style: solid;\n  border-width: 0px;\n}\n.dt-icon-bg-on.shortcode-single-image-wrap.shortcode-single-image-30a0f2b484da14e2a3ffeb5a60a499f2 .rollover-icon {\n  background: rgba(255,255,255,0.3);\n  box-shadow: none;\n}\n<\/style><div class=\"shortcode-single-image-wrap shortcode-single-image-30a0f2b484da14e2a3ffeb5a60a499f2 alignnone  enable-bg-rollover dt-icon-bg-off\" style=\"margin-top:0px; margin-bottom:0px; margin-left:0px; margin-right:0px;\"><div class=\"shortcode-single-image borde-home\"><div class=\"fancy-media-wrap\" style=\"\"><a href=\"\/pt-br\/casita\/\" class=\" layzr-bg rollover\" style=\"\" aria-label=\"Image\"><img class=\"preload-me lazy-load\" src=\"data:image\/svg+xml,%3Csvg%20xmlns%3D&#39;http%3A%2F%2Fwww.w3.org%2F2000%2Fsvg&#39;%20viewBox%3D&#39;0%200%20800%20500&#39;%2F%3E\" data-src=\"https:\/\/www.skisur.com\/nueva\/wp-content\/uploads\/2024\/12\/dest-4.jpg\" data-srcset=\"https:\/\/www.skisur.com\/nueva\/wp-content\/uploads\/2024\/12\/dest-4.jpg 800w\" width=\"800\" height=\"500\"  data-dt-location=\"https:\/\/www.skisur.com\/pt-br\/inicio\/dest-3\/\" alt=\"\" \/><span class=\"rollover-icon icomoon-the7-font-the7-plus-04\"><\/span><\/a><\/div><\/div><\/div><div id=\"ultimate-heading-28269d8d247bff2a\" class=\"uvc-heading ult-adjust-bottom-margin ultimate-heading-28269d8d247bff2a uvc-4561 \" data-hspacer=\"no_spacer\"  data-halign=\"center\" style=\"text-align:center\"><div class=\"uvc-heading-spacer no_spacer\" style=\"top\"><\/div><div class=\"uvc-main-heading ult-responsive\"  data-ultimate-target='.uvc-heading.ultimate-heading-28269d8d247bff2a h2'  data-responsive-json-new='{\"font-size\":\"desktop:20px;\",\"line-height\":\"\"}' ><h2 style=\"font-family:&#039;Roboto&#039;;font-weight:300;color:#ffffff;margin-top:20px;\">CASINHA<\/h2><\/div><div class=\"uvc-sub-heading ult-responsive\"  data-ultimate-target='.uvc-heading.ultimate-heading-28269d8d247bff2a .uvc-sub-heading '  data-responsive-json-new='{\"font-size\":\"desktop:16px;\",\"line-height\":\"\"}'  style=\"font-family:&#039;Roboto&#039;;font-weight:300;color:#a9a9a9;\">4 pessoas<\/div><\/div><div class=\"ult-spacer spacer-69d8d247bff73\" data-id=\"69d8d247bff73\" data-height=\"0\" data-height-mobile=\"20\" data-height-tab=\"\" data-height-tab-portrait=\"\" data-height-mobile-landscape=\"\" style=\"clear:both;display:block;\"><\/div>[\/vc_column][\/vc_row]<\/p>\n","protected":false},"excerpt":{"rendered":"<p>[vc_row][vc_column][layerslider_vc id=&#8221;4&#8243;][\/vc_column][\/vc_row][vc_row][vc_column][vc_row_inner][vc_column_inner width=&#8221;1\/6&#8243;][\/vc_column_inner][vc_column_inner width=&#8221;2\/3&#8243;][vc_column_text el_class=&#8221;interna&#8221;] S\u00e3o dois quartos de 70 mts2. O primeiro tem uma cama de casal com colch\u00e3o sommier, e banheiro su\u00edte com hidromassagem. No segundo, h\u00e1 uma cama de casal com colch\u00e3o sommier e mais duas camas de solteiro com colch\u00e3o sommier de 0,90 x 1,90 cada uma. Banheiro completo. A sala&hellip;<\/p>\n","protected":false},"author":1,"featured_media":0,"parent":0,"menu_order":0,"comment_status":"closed","ping_status":"closed","template":"","meta":[],"yoast_head":"<!-- This site is optimized with the Yoast SEO plugin v15.4 - https:\/\/yoast.com\/wordpress\/plugins\/seo\/ -->\n<title>Superior - Ski Sur | Departamentos en el Cerro Catedral<\/title>\n<meta name=\"robots\" content=\"index, follow, max-snippet:-1, max-image-preview:large, max-video-preview:-1\" \/>\n<link rel=\"canonical\" href=\"https:\/\/www.skisur.com\/pt-br\/superior\/\" \/>\n<meta property=\"og:locale\" content=\"pt_BR\" \/>\n<meta property=\"og:type\" content=\"article\" \/>\n<meta property=\"og:title\" content=\"Superior - Ski Sur | Departamentos en el Cerro Catedral\" \/>\n<meta property=\"og:description\" content=\"[vc_row][vc_column][layerslider_vc id=&#8221;4&#8243;][\/vc_column][\/vc_row][vc_row][vc_column][vc_row_inner][vc_column_inner width=&#8221;1\/6&#8243;][\/vc_column_inner][vc_column_inner width=&#8221;2\/3&#8243;][vc_column_text el_class=&#8221;interna&#8221;] S\u00e3o dois quartos de 70 mts2. O primeiro tem uma cama de casal com colch\u00e3o sommier, e banheiro su\u00edte com hidromassagem. No segundo, h\u00e1 uma cama de casal com colch\u00e3o sommier e mais duas camas de solteiro com colch\u00e3o sommier de 0,90 x 1,90 cada uma. Banheiro completo. A sala&hellip;\" \/>\n<meta property=\"og:url\" content=\"https:\/\/www.skisur.com\/pt-br\/superior\/\" \/>\n<meta property=\"og:site_name\" content=\"Ski Sur | Departamentos en el Cerro Catedral\" \/>\n<meta property=\"article:modified_time\" content=\"2024-12-18T19:06:40+00:00\" \/>\n<meta name=\"twitter:card\" content=\"summary_large_image\" \/>\n<meta name=\"twitter:label1\" content=\"Written by\">\n\t<meta name=\"twitter:data1\" content=\"MAndrade\">\n\t<meta name=\"twitter:label2\" content=\"Est. reading time\">\n\t<meta name=\"twitter:data2\" content=\"4 minutos\">\n<script type=\"application\/ld+json\" class=\"yoast-schema-graph\">{\"@context\":\"https:\/\/schema.org\",\"@graph\":[{\"@type\":\"WebSite\",\"@id\":\"https:\/\/www.skisur.com\/#website\",\"url\":\"https:\/\/www.skisur.com\/\",\"name\":\"Ski Sur | Departamentos en el Cerro Catedral\",\"description\":\"\",\"potentialAction\":[{\"@type\":\"SearchAction\",\"target\":\"https:\/\/www.skisur.com\/?s={search_term_string}\",\"query-input\":\"required name=search_term_string\"}],\"inLanguage\":\"pt-BR\"},{\"@type\":\"WebPage\",\"@id\":\"https:\/\/www.skisur.com\/pt-br\/superior\/#webpage\",\"url\":\"https:\/\/www.skisur.com\/pt-br\/superior\/\",\"name\":\"Superior - Ski Sur | Departamentos en el Cerro Catedral\",\"isPartOf\":{\"@id\":\"https:\/\/www.skisur.com\/#website\"},\"datePublished\":\"2020-12-07T16:22:45+00:00\",\"dateModified\":\"2024-12-18T19:06:40+00:00\",\"inLanguage\":\"pt-BR\",\"potentialAction\":[{\"@type\":\"ReadAction\",\"target\":[\"https:\/\/www.skisur.com\/pt-br\/superior\/\"]}]}]}<\/script>\n<!-- \/ Yoast SEO plugin. -->","_links":{"self":[{"href":"https:\/\/www.skisur.com\/pt-br\/wp-json\/wp\/v2\/pages\/524"}],"collection":[{"href":"https:\/\/www.skisur.com\/pt-br\/wp-json\/wp\/v2\/pages"}],"about":[{"href":"https:\/\/www.skisur.com\/pt-br\/wp-json\/wp\/v2\/types\/page"}],"author":[{"embeddable":true,"href":"https:\/\/www.skisur.com\/pt-br\/wp-json\/wp\/v2\/users\/1"}],"replies":[{"embeddable":true,"href":"https:\/\/www.skisur.com\/pt-br\/wp-json\/wp\/v2\/comments?post=524"}],"version-history":[{"count":0,"href":"https:\/\/www.skisur.com\/pt-br\/wp-json\/wp\/v2\/pages\/524\/revisions"}],"wp:attachment":[{"href":"https:\/\/www.skisur.com\/pt-br\/wp-json\/wp\/v2\/media?parent=524"}],"curies":[{"name":"wp","href":"https:\/\/api.w.org\/{rel}","templated":true}]}}